{"id":486,"date":"2025-07-19T12:05:42","date_gmt":"2025-07-19T12:05:42","guid":{"rendered":"https:\/\/basyapitprefabrik.com.tr\/?page_id=486"},"modified":"2025-07-21T14:57:58","modified_gmt":"2025-07-21T14:57:58","slug":"agir-celik-ev","status":"publish","type":"page","link":"https:\/\/basyapitprefabrik.com.tr\/index.php\/agir-celik-ev\/","title":{"rendered":"A\u011eIR \u00c7EL\u0130K V\u0130LLA"},"content":{"rendered":"\n<div id=\"wp-block-themeisle-blocks-slider-9dffb099\" class=\"wp-block-themeisle-blocks-slider glide\" data-per-view=\"2\" data-gap=\"0\" data-peek=\"0\" data-autoplay=\"true\" data-height=\"400px\" data-hide-arrows=\"false\"><div class=\"glide__track\" data-glide-el=\"track\"><div class=\"glide__slides\"><div class=\"wp-block-themeisle-blocks-slider-item-wrapper glide__slide\" tabindex=\"0\"><figure><img decoding=\"async\" class=\"wp-block-themeisle-blocks-slider-item\" src=\"https:\/\/basyapitprefabrik.com.tr\/wp-content\/uploads\/2025\/07\/WhatsApp-Image-2025-07-18-at-17.27.34.jpeg\" alt=\"\" title=\"\" data-id=\"579\"\/><\/figure><\/div><div class=\"wp-block-themeisle-blocks-slider-item-wrapper glide__slide\" tabindex=\"0\"><figure><img decoding=\"async\" class=\"wp-block-themeisle-blocks-slider-item\" src=\"https:\/\/basyapitprefabrik.com.tr\/wp-content\/uploads\/2025\/07\/WhatsApp-Image-2025-07-18-at-17.27.33-5.jpeg\" alt=\"\" title=\"\" data-id=\"580\"\/><\/figure><\/div><div class=\"wp-block-themeisle-blocks-slider-item-wrapper glide__slide\" tabindex=\"0\"><figure><img decoding=\"async\" class=\"wp-block-themeisle-blocks-slider-item\" src=\"https:\/\/basyapitprefabrik.com.tr\/wp-content\/uploads\/2025\/07\/WhatsApp-Image-2025-07-18-at-17.27.33-4.jpeg\" alt=\"\" title=\"\" data-id=\"581\"\/><\/figure><\/div><div class=\"wp-block-themeisle-blocks-slider-item-wrapper glide__slide\" tabindex=\"0\"><figure><img decoding=\"async\" class=\"wp-block-themeisle-blocks-slider-item\" src=\"https:\/\/basyapitprefabrik.com.tr\/wp-content\/uploads\/2025\/07\/WhatsApp-Image-2025-07-18-at-17.27.33-3.jpeg\" alt=\"\" title=\"\" data-id=\"582\"\/><\/figure><\/div><div class=\"wp-block-themeisle-blocks-slider-item-wrapper glide__slide\" tabindex=\"0\"><figure><img decoding=\"async\" class=\"wp-block-themeisle-blocks-slider-item\" src=\"https:\/\/basyapitprefabrik.com.tr\/wp-content\/uploads\/2025\/07\/WhatsApp-Image-2025-07-18-at-17.27.33-2.jpeg\" alt=\"\" title=\"\" data-id=\"583\"\/><\/figure><\/div><div class=\"wp-block-themeisle-blocks-slider-item-wrapper glide__slide\" tabindex=\"0\"><figure><img decoding=\"async\" class=\"wp-block-themeisle-blocks-slider-item\" src=\"https:\/\/basyapitprefabrik.com.tr\/wp-content\/uploads\/2025\/07\/WhatsApp-Image-2025-07-21-at-11.25.09-2.jpeg\" alt=\"\" title=\"\" data-id=\"593\"\/><\/figure><\/div><div class=\"wp-block-themeisle-blocks-slider-item-wrapper glide__slide\" tabindex=\"0\"><figure><img decoding=\"async\" class=\"wp-block-themeisle-blocks-slider-item\" src=\"https:\/\/basyapitprefabrik.com.tr\/wp-content\/uploads\/2025\/07\/WhatsApp-Image-2025-07-21-at-11.25.09-1.jpeg\" alt=\"\" title=\"\" data-id=\"594\"\/><\/figure><\/div><div class=\"wp-block-themeisle-blocks-slider-item-wrapper glide__slide\" tabindex=\"0\"><figure><img decoding=\"async\" class=\"wp-block-themeisle-blocks-slider-item\" src=\"https:\/\/basyapitprefabrik.com.tr\/wp-content\/uploads\/2025\/07\/WhatsApp-Image-2025-07-21-at-11.25.09.jpeg\" alt=\"\" title=\"\" data-id=\"595\"\/><\/figure><\/div><div class=\"wp-block-themeisle-blocks-slider-item-wrapper glide__slide\" tabindex=\"0\"><figure><img decoding=\"async\" class=\"wp-block-themeisle-blocks-slider-item\" src=\"https:\/\/basyapitprefabrik.com.tr\/wp-content\/uploads\/2025\/07\/WhatsApp-Image-2025-07-21-at-11.25.08-2.jpeg\" alt=\"\" title=\"\" data-id=\"596\"\/><\/figure><\/div><div class=\"wp-block-themeisle-blocks-slider-item-wrapper glide__slide\" tabindex=\"0\"><figure><img decoding=\"async\" class=\"wp-block-themeisle-blocks-slider-item\" src=\"https:\/\/basyapitprefabrik.com.tr\/wp-content\/uploads\/2025\/07\/WhatsApp-Image-2025-07-21-at-11.25.08-1.jpeg\" alt=\"\" title=\"\" data-id=\"597\"\/><\/figure><\/div><div class=\"wp-block-themeisle-blocks-slider-item-wrapper glide__slide\" tabindex=\"0\"><figure><img decoding=\"async\" class=\"wp-block-themeisle-blocks-slider-item\" src=\"https:\/\/basyapitprefabrik.com.tr\/wp-content\/uploads\/2025\/07\/WhatsApp-Image-2025-07-21-at-11.25.08.jpeg\" alt=\"\" title=\"\" data-id=\"598\"\/><\/figure><\/div><\/div><div class=\"glide__bullets\" data-glide-el=\"controls[nav]\"><button class=\"glide__bullet\" data-glide-dir=\"=0\"><\/button><button class=\"glide__bullet\" data-glide-dir=\"=1\"><\/button><button class=\"glide__bullet\" data-glide-dir=\"=2\"><\/button><button class=\"glide__bullet\" data-glide-dir=\"=3\"><\/button><button class=\"glide__bullet\" data-glide-dir=\"=4\"><\/button><button class=\"glide__bullet\" data-glide-dir=\"=5\"><\/button><button class=\"glide__bullet\" data-glide-dir=\"=6\"><\/button><button class=\"glide__bullet\" data-glide-dir=\"=7\"><\/button><button class=\"glide__bullet\" data-glide-dir=\"=8\"><\/button><button class=\"glide__bullet\" data-glide-dir=\"=9\"><\/button><button class=\"glide__bullet\" data-glide-dir=\"=10\"><\/button><\/div><\/div><\/div>\n\n\n\n<h2 id=\"wp-block-themeisle-blocks-advanced-heading-dfe3f6d2\" class=\"wp-block-themeisle-blocks-advanced-heading wp-block-themeisle-blocks-advanced-heading-dfe3f6d2\">\u00d6ZELL\u0130KLER ;<\/h2>\n\n\n\n<p><strong>&nbsp;&nbsp;&nbsp;&nbsp;&nbsp;&nbsp;&nbsp; KABA \u0130N\u015eATIMIZ:<\/strong><\/p>\n\n\n\n<ul class=\"wp-block-list\">\n<li>B\u0130NA DI\u015e \u00c7EVRES\u0130 ANA TA\u015eIYICI KOLONLARIMIZ ( 150*150 4 mm ) PROF\u0130L.<\/li>\n\n\n\n<li>B\u0130NA \u0130\u00c7ER\u0130S\u0130NDEK\u0130 DESTEK KOLUNLARIMIZ ( 100*150 4 mm ) PROF\u0130L.<\/li>\n\n\n\n<li>B\u0130NA DI\u015e DUVARLARI ( 20 L\u0130K ) YTONG.<\/li>\n\n\n\n<li>B\u0130NA \u0130\u00c7ER\u0130S\u0130NDEK\u0130 ODA B\u00d6LME DUVARLARI ( 15 L\u0130K ) YTONG.<\/li>\n\n\n\n<li>KAT ARASI&nbsp; (40*60 2,5 mm) PROF\u0130L VE K\u00d6\u015eENET DEM\u0130RDEN MAKAS YAPILMAKTADIR.<\/li>\n<\/ul>\n\n\n\n<p><strong>&nbsp;&nbsp;&nbsp;&nbsp;&nbsp;&nbsp; ISI VE SE YANILTIM:<\/strong><\/p>\n\n\n\n<ul class=\"wp-block-list\">\n<li>B\u0130NAMIZ DI\u015eARDAN &nbsp;B\u0130R\u0130NC\u0130 SINIF KAL\u0130TE MALZEMELERDEN MANTOLAMA<\/li>\n\n\n\n<li>DI\u015e DO\u011eRAMALRIMIZ SES VE ISI YANILTIMLI B\u0130R\u0130C\u0130 SINIF KAL\u0130TE<\/li>\n\n\n\n<li>KAT ARASININA&nbsp; CAM Y\u00dcN\u00dc<\/li>\n\n\n\n<li>\u0130\u00c7 DUVARLARIMIZ F\u0130LEL\u0130 SIVA \u0130LE Y\u00dcKSEK KAL\u0130TE SES YANILTIMI.<\/li>\n<\/ul>\n\n\n\n<p>&nbsp;&nbsp;&nbsp;&nbsp; <strong>\u00c7ATI:<\/strong><\/p>\n\n\n\n<ul class=\"wp-block-list\">\n<li>GEN\u0130\u015e SA\u00c7AKLARI VE B\u00d6LGEYE UYUMLU \u00c7ATI E\u011e\u0130M\u0130 \u0130LE.<\/li>\n\n\n\n<li>B\u0130R\u0130NC\u0130 KAL\u0130TE \u0130ZOLASYON MALZEMES\u0130 VE K\u0130REM\u0130TLER\u0130 YAPIMIZA AYRI B\u0130R G\u00dcZELL\u0130K KATACAKTIR.<\/li>\n<\/ul>\n\n\n\n<p>&nbsp;&nbsp;&nbsp;&nbsp; <strong>BOYALAR VE SERAM\u0130KLER:<\/strong><\/p>\n\n\n\n<ul class=\"wp-block-list\">\n<li>M\u00dc\u015eTER\u0130M\u0130Z\u0130N SE\u00c7T\u0130\u011e\u0130 RENK VE MARKA SE\u00c7\u0130M\u0130 \u0130LE B\u0130L\u0130NM\u0130\u015e MARKALARIN&nbsp; B\u0130R\u0130NC\u0130 SINIF S\u0130L\u0130NEB\u0130L\u0130N\u0130R S\u0130L\u0130KONLU BOYA KULLANILMAKTADIR.<\/li>\n\n\n\n<li>M\u00dc\u015eTER\u0130LER\u0130M\u0130Z\u0130N RENK VE MODEL \u0130LE B\u0130L\u0130NM\u0130\u015e MARKALARIN B\u0130R\u0130NC\u0130 SINIF SERAM\u0130KLER\u0130 KULLANILMAKTADIR.<\/li>\n<\/ul>\n\n\n\n<p>&nbsp; &nbsp;&nbsp;&nbsp;&nbsp;<strong>TES\u0130SATLAR &amp; MONTAJLAR:<\/strong><\/p>\n\n\n\n<ul class=\"wp-block-list\">\n<li>ELEKT\u0130R\u0130K VE SU TES\u0130SATIMIZ TAMAMI \u0130LE SIVA ALTI OLUP<\/li>\n\n\n\n<li>B\u0130L\u0130NM\u0130\u015e MARKALARIN B\u0130R\u0130NC\u0130 SINIF KAL\u0130TE ANAHTAR VE P\u0130R\u0130ZLER ANT\u0130\u011eRON YANMAZ KABLO&nbsp; KULLANILMAKTA.<\/li>\n\n\n\n<li>KLOZET LAVABO VE BATARYALAR B\u0130R\u0130NC\u0130 KAL\u0130TE MALZEMELER KULLANILMAKTADIR<\/li>\n<\/ul>\n\n\n\n<p><strong>&nbsp;&nbsp;&nbsp;&nbsp; KAPILAR:<\/strong><\/p>\n\n\n\n<ul class=\"wp-block-list\">\n<li>&nbsp;M\u00dc\u015eTER\u0130M\u0130Z\u0130N \u0130STED\u0130\u011e\u0130 \u00d6L\u00c7\u00dc VE MODELDE \u00c7EL\u0130K KAPI.<\/li>\n\n\n\n<li>&nbsp;M\u00dc\u015eTER\u0130LER\u0130M\u0130Z\u0130N \u0130STED\u0130\u011e\u0130 RENK VE MODELDE LAKE KAPI YAPILMAKTADIR<\/li>\n<\/ul>\n\n\n\n<p><strong>&nbsp;&nbsp;&nbsp;&nbsp; LAM\u0130NATLAR PARKE:<\/strong> <\/p>\n\n\n\n<ul class=\"wp-block-list\">\n<li>B\u0130L\u0130NM\u0130\u015e MARKA B\u0130R\u0130NC\u0130 SINIF KAL\u0130TE MALZEME KULLANILMAKTADIR.<\/li>\n<\/ul>\n","protected":false},"excerpt":{"rendered":"<p>&nbsp;&nbsp;&nbsp;&nbsp;&nbsp;&nbsp;&nbsp; KABA \u0130N\u015eATIMIZ: &nbsp;&nbsp;&nbsp;&nbsp;&nbsp;&nbsp; ISI VE SE YANILTIM: &nbsp;&nbsp;&nbsp;&nbsp; \u00c7ATI: &nbsp;&nbsp;&nbsp;&nbsp; BOYALAR VE SERAM\u0130KLER: &nbsp; &nbsp;&nbsp;&nbsp;&nbsp;TES\u0130SATLAR &amp; MONTAJLAR: &nbsp;&nbsp;&nbsp;&nbsp; KAPILAR: &nbsp;&nbsp;&nbsp;&nbsp; LAM\u0130NATLAR PARKE:<\/p>\n","protected":false},"author":1,"featured_media":0,"parent":0,"menu_order":0,"comment_status":"closed","ping_status":"closed","template":"","meta":{"neve_meta_sidebar":"","neve_meta_container":"","neve_meta_enable_content_width":"","neve_meta_content_width":0,"neve_meta_title_alignment":"","neve_meta_author_avatar":"","neve_post_elements_order":"","neve_meta_disable_header":"","neve_meta_disable_footer":"","neve_meta_disable_title":"","_themeisle_gutenberg_block_has_review":false,"footnotes":""},"class_list":["post-486","page","type-page","status-publish","hentry"],"yoast_head":"<!-- This site is optimized with the Yoast SEO Premium plugin v24.5 (Yoast SEO v27.4) - https:\/\/yoast.com\/product\/yoast-seo-premium-wordpress\/ -->\n<title>A\u011eIR \u00c7EL\u0130K V\u0130LLA - Ba\u015fyap\u0131t Prefabrik&amp;Konteyner<\/title>\n<meta name=\"robots\" content=\"index, follow, max-snippet:-1, max-image-preview:large, max-video-preview:-1\" \/>\n<link rel=\"canonical\" href=\"https:\/\/basyapitprefabrik.com.tr\/index.php\/agir-celik-ev\/\" \/>\n<meta property=\"og:locale\" content=\"tr_TR\" \/>\n<meta property=\"og:type\" content=\"article\" \/>\n<meta property=\"og:title\" content=\"A\u011eIR \u00c7EL\u0130K V\u0130LLA\" \/>\n<meta property=\"og:description\" content=\"&nbsp;&nbsp;&nbsp;&nbsp;&nbsp;&nbsp;&nbsp; KABA \u0130N\u015eATIMIZ: &nbsp;&nbsp;&nbsp;&nbsp;&nbsp;&nbsp; ISI VE SE YANILTIM: &nbsp;&nbsp;&nbsp;&nbsp; \u00c7ATI: &nbsp;&nbsp;&nbsp;&nbsp; BOYALAR VE SERAM\u0130KLER: &nbsp; &nbsp;&nbsp;&nbsp;&nbsp;TES\u0130SATLAR &amp; MONTAJLAR: &nbsp;&nbsp;&nbsp;&nbsp; KAPILAR: &nbsp;&nbsp;&nbsp;&nbsp; LAM\u0130NATLAR PARKE:\" \/>\n<meta property=\"og:url\" content=\"https:\/\/basyapitprefabrik.com.tr\/index.php\/agir-celik-ev\/\" \/>\n<meta property=\"og:site_name\" content=\"Ba\u015fyap\u0131t Prefabrik&amp;Konteyner\" \/>\n<meta property=\"article:publisher\" content=\"https:\/\/www.facebook.com\/profile.php?id=61560411951929\" \/>\n<meta property=\"article:modified_time\" content=\"2025-07-21T14:57:58+00:00\" \/>\n<meta property=\"og:image\" content=\"https:\/\/basyapitprefabrik.com.tr\/wp-content\/uploads\/2025\/07\/WhatsApp-Image-2025-07-18-at-17.27.34.jpeg\" \/>\n<meta name=\"twitter:card\" content=\"summary_large_image\" \/>\n<meta name=\"twitter:label1\" content=\"Tahmini okuma s\u00fcresi\" \/>\n\t<meta name=\"twitter:data1\" content=\"2 dakika\" \/>\n<script type=\"application\/ld+json\" class=\"yoast-schema-graph\">{\"@context\":\"https:\\\/\\\/schema.org\",\"@graph\":[{\"@type\":\"WebPage\",\"@id\":\"https:\\\/\\\/basyapitprefabrik.com.tr\\\/index.php\\\/agir-celik-ev\\\/\",\"url\":\"https:\\\/\\\/basyapitprefabrik.com.tr\\\/index.php\\\/agir-celik-ev\\\/\",\"name\":\"A\u011eIR \u00c7EL\u0130K V\u0130LLA - Ba\u015fyap\u0131t Prefabrik&amp;Konteyner\",\"isPartOf\":{\"@id\":\"https:\\\/\\\/basyapitprefabrik.com.tr\\\/#website\"},\"primaryImageOfPage\":{\"@id\":\"https:\\\/\\\/basyapitprefabrik.com.tr\\\/index.php\\\/agir-celik-ev\\\/#primaryimage\"},\"image\":{\"@id\":\"https:\\\/\\\/basyapitprefabrik.com.tr\\\/index.php\\\/agir-celik-ev\\\/#primaryimage\"},\"thumbnailUrl\":\"https:\\\/\\\/basyapitprefabrik.com.tr\\\/wp-content\\\/uploads\\\/2025\\\/07\\\/WhatsApp-Image-2025-07-18-at-17.27.34.jpeg\",\"datePublished\":\"2025-07-19T12:05:42+00:00\",\"dateModified\":\"2025-07-21T14:57:58+00:00\",\"breadcrumb\":{\"@id\":\"https:\\\/\\\/basyapitprefabrik.com.tr\\\/index.php\\\/agir-celik-ev\\\/#breadcrumb\"},\"inLanguage\":\"tr\",\"potentialAction\":[{\"@type\":\"ReadAction\",\"target\":[\"https:\\\/\\\/basyapitprefabrik.com.tr\\\/index.php\\\/agir-celik-ev\\\/\"]}]},{\"@type\":\"ImageObject\",\"inLanguage\":\"tr\",\"@id\":\"https:\\\/\\\/basyapitprefabrik.com.tr\\\/index.php\\\/agir-celik-ev\\\/#primaryimage\",\"url\":\"https:\\\/\\\/basyapitprefabrik.com.tr\\\/wp-content\\\/uploads\\\/2025\\\/07\\\/WhatsApp-Image-2025-07-18-at-17.27.34.jpeg\",\"contentUrl\":\"https:\\\/\\\/basyapitprefabrik.com.tr\\\/wp-content\\\/uploads\\\/2025\\\/07\\\/WhatsApp-Image-2025-07-18-at-17.27.34.jpeg\",\"width\":1290,\"height\":1304},{\"@type\":\"BreadcrumbList\",\"@id\":\"https:\\\/\\\/basyapitprefabrik.com.tr\\\/index.php\\\/agir-celik-ev\\\/#breadcrumb\",\"itemListElement\":[{\"@type\":\"ListItem\",\"position\":1,\"name\":\"Anasayfa\",\"item\":\"https:\\\/\\\/basyapitprefabrik.com.tr\\\/\"},{\"@type\":\"ListItem\",\"position\":2,\"name\":\"A\u011eIR \u00c7EL\u0130K V\u0130LLA\"}]},{\"@type\":\"WebSite\",\"@id\":\"https:\\\/\\\/basyapitprefabrik.com.tr\\\/#website\",\"url\":\"https:\\\/\\\/basyapitprefabrik.com.tr\\\/\",\"name\":\"Ba\u015fyap\u0131t Prefabrik&Konteyner\",\"description\":\"\",\"publisher\":{\"@id\":\"https:\\\/\\\/basyapitprefabrik.com.tr\\\/#organization\"},\"potentialAction\":[{\"@type\":\"SearchAction\",\"target\":{\"@type\":\"EntryPoint\",\"urlTemplate\":\"https:\\\/\\\/basyapitprefabrik.com.tr\\\/?s={search_term_string}\"},\"query-input\":{\"@type\":\"PropertyValueSpecification\",\"valueRequired\":true,\"valueName\":\"search_term_string\"}}],\"inLanguage\":\"tr\"},{\"@type\":\"Organization\",\"@id\":\"https:\\\/\\\/basyapitprefabrik.com.tr\\\/#organization\",\"name\":\"Ba\u015fyap\u0131t Prefabrik&Konteyner\",\"url\":\"https:\\\/\\\/basyapitprefabrik.com.tr\\\/\",\"logo\":{\"@type\":\"ImageObject\",\"inLanguage\":\"tr\",\"@id\":\"https:\\\/\\\/basyapitprefabrik.com.tr\\\/#\\\/schema\\\/logo\\\/image\\\/\",\"url\":\"https:\\\/\\\/basyapitprefabrik.com.tr\\\/wp-content\\\/uploads\\\/2025\\\/07\\\/WhatsApp-Image-2025-07-18-at-16.39.20.jpeg\",\"contentUrl\":\"https:\\\/\\\/basyapitprefabrik.com.tr\\\/wp-content\\\/uploads\\\/2025\\\/07\\\/WhatsApp-Image-2025-07-18-at-16.39.20.jpeg\",\"width\":1440,\"height\":1049,\"caption\":\"Ba\u015fyap\u0131t Prefabrik&Konteyner\"},\"image\":{\"@id\":\"https:\\\/\\\/basyapitprefabrik.com.tr\\\/#\\\/schema\\\/logo\\\/image\\\/\"},\"sameAs\":[\"https:\\\/\\\/www.facebook.com\\\/profile.php?id=61560411951929\",\"https:\\\/\\\/www.instagram.com\\\/basyapit.prefabrik\\\/\"]}]}<\/script>\n<!-- \/ Yoast SEO Premium plugin. -->","yoast_head_json":{"title":"A\u011eIR \u00c7EL\u0130K V\u0130LLA - Ba\u015fyap\u0131t Prefabrik&amp;Konteyner","robots":{"index":"index","follow":"follow","max-snippet":"max-snippet:-1","max-image-preview":"max-image-preview:large","max-video-preview":"max-video-preview:-1"},"canonical":"https:\/\/basyapitprefabrik.com.tr\/index.php\/agir-celik-ev\/","og_locale":"tr_TR","og_type":"article","og_title":"A\u011eIR \u00c7EL\u0130K V\u0130LLA","og_description":"&nbsp;&nbsp;&nbsp;&nbsp;&nbsp;&nbsp;&nbsp; KABA \u0130N\u015eATIMIZ: &nbsp;&nbsp;&nbsp;&nbsp;&nbsp;&nbsp; ISI VE SE YANILTIM: &nbsp;&nbsp;&nbsp;&nbsp; \u00c7ATI: &nbsp;&nbsp;&nbsp;&nbsp; BOYALAR VE SERAM\u0130KLER: &nbsp; &nbsp;&nbsp;&nbsp;&nbsp;TES\u0130SATLAR &amp; MONTAJLAR: &nbsp;&nbsp;&nbsp;&nbsp; KAPILAR: &nbsp;&nbsp;&nbsp;&nbsp; LAM\u0130NATLAR PARKE:","og_url":"https:\/\/basyapitprefabrik.com.tr\/index.php\/agir-celik-ev\/","og_site_name":"Ba\u015fyap\u0131t Prefabrik&amp;Konteyner","article_publisher":"https:\/\/www.facebook.com\/profile.php?id=61560411951929","article_modified_time":"2025-07-21T14:57:58+00:00","og_image":[{"url":"https:\/\/basyapitprefabrik.com.tr\/wp-content\/uploads\/2025\/07\/WhatsApp-Image-2025-07-18-at-17.27.34.jpeg","type":"","width":"","height":""}],"twitter_card":"summary_large_image","twitter_misc":{"Tahmini okuma s\u00fcresi":"2 dakika"},"schema":{"@context":"https:\/\/schema.org","@graph":[{"@type":"WebPage","@id":"https:\/\/basyapitprefabrik.com.tr\/index.php\/agir-celik-ev\/","url":"https:\/\/basyapitprefabrik.com.tr\/index.php\/agir-celik-ev\/","name":"A\u011eIR \u00c7EL\u0130K V\u0130LLA - Ba\u015fyap\u0131t Prefabrik&amp;Konteyner","isPartOf":{"@id":"https:\/\/basyapitprefabrik.com.tr\/#website"},"primaryImageOfPage":{"@id":"https:\/\/basyapitprefabrik.com.tr\/index.php\/agir-celik-ev\/#primaryimage"},"image":{"@id":"https:\/\/basyapitprefabrik.com.tr\/index.php\/agir-celik-ev\/#primaryimage"},"thumbnailUrl":"https:\/\/basyapitprefabrik.com.tr\/wp-content\/uploads\/2025\/07\/WhatsApp-Image-2025-07-18-at-17.27.34.jpeg","datePublished":"2025-07-19T12:05:42+00:00","dateModified":"2025-07-21T14:57:58+00:00","breadcrumb":{"@id":"https:\/\/basyapitprefabrik.com.tr\/index.php\/agir-celik-ev\/#breadcrumb"},"inLanguage":"tr","potentialAction":[{"@type":"ReadAction","target":["https:\/\/basyapitprefabrik.com.tr\/index.php\/agir-celik-ev\/"]}]},{"@type":"ImageObject","inLanguage":"tr","@id":"https:\/\/basyapitprefabrik.com.tr\/index.php\/agir-celik-ev\/#primaryimage","url":"https:\/\/basyapitprefabrik.com.tr\/wp-content\/uploads\/2025\/07\/WhatsApp-Image-2025-07-18-at-17.27.34.jpeg","contentUrl":"https:\/\/basyapitprefabrik.com.tr\/wp-content\/uploads\/2025\/07\/WhatsApp-Image-2025-07-18-at-17.27.34.jpeg","width":1290,"height":1304},{"@type":"BreadcrumbList","@id":"https:\/\/basyapitprefabrik.com.tr\/index.php\/agir-celik-ev\/#breadcrumb","itemListElement":[{"@type":"ListItem","position":1,"name":"Anasayfa","item":"https:\/\/basyapitprefabrik.com.tr\/"},{"@type":"ListItem","position":2,"name":"A\u011eIR \u00c7EL\u0130K V\u0130LLA"}]},{"@type":"WebSite","@id":"https:\/\/basyapitprefabrik.com.tr\/#website","url":"https:\/\/basyapitprefabrik.com.tr\/","name":"Ba\u015fyap\u0131t Prefabrik&Konteyner","description":"","publisher":{"@id":"https:\/\/basyapitprefabrik.com.tr\/#organization"},"potentialAction":[{"@type":"SearchAction","target":{"@type":"EntryPoint","urlTemplate":"https:\/\/basyapitprefabrik.com.tr\/?s={search_term_string}"},"query-input":{"@type":"PropertyValueSpecification","valueRequired":true,"valueName":"search_term_string"}}],"inLanguage":"tr"},{"@type":"Organization","@id":"https:\/\/basyapitprefabrik.com.tr\/#organization","name":"Ba\u015fyap\u0131t Prefabrik&Konteyner","url":"https:\/\/basyapitprefabrik.com.tr\/","logo":{"@type":"ImageObject","inLanguage":"tr","@id":"https:\/\/basyapitprefabrik.com.tr\/#\/schema\/logo\/image\/","url":"https:\/\/basyapitprefabrik.com.tr\/wp-content\/uploads\/2025\/07\/WhatsApp-Image-2025-07-18-at-16.39.20.jpeg","contentUrl":"https:\/\/basyapitprefabrik.com.tr\/wp-content\/uploads\/2025\/07\/WhatsApp-Image-2025-07-18-at-16.39.20.jpeg","width":1440,"height":1049,"caption":"Ba\u015fyap\u0131t Prefabrik&Konteyner"},"image":{"@id":"https:\/\/basyapitprefabrik.com.tr\/#\/schema\/logo\/image\/"},"sameAs":["https:\/\/www.facebook.com\/profile.php?id=61560411951929","https:\/\/www.instagram.com\/basyapit.prefabrik\/"]}]}},"_links":{"self":[{"href":"https:\/\/basyapitprefabrik.com.tr\/index.php\/wp-json\/wp\/v2\/pages\/486","targetHints":{"allow":["GET"]}}],"collection":[{"href":"https:\/\/basyapitprefabrik.com.tr\/index.php\/wp-json\/wp\/v2\/pages"}],"about":[{"href":"https:\/\/basyapitprefabrik.com.tr\/index.php\/wp-json\/wp\/v2\/types\/page"}],"author":[{"embeddable":true,"href":"https:\/\/basyapitprefabrik.com.tr\/index.php\/wp-json\/wp\/v2\/users\/1"}],"replies":[{"embeddable":true,"href":"https:\/\/basyapitprefabrik.com.tr\/index.php\/wp-json\/wp\/v2\/comments?post=486"}],"version-history":[{"count":5,"href":"https:\/\/basyapitprefabrik.com.tr\/index.php\/wp-json\/wp\/v2\/pages\/486\/revisions"}],"predecessor-version":[{"id":599,"href":"https:\/\/basyapitprefabrik.com.tr\/index.php\/wp-json\/wp\/v2\/pages\/486\/revisions\/599"}],"wp:attachment":[{"href":"https:\/\/basyapitprefabrik.com.tr\/index.php\/wp-json\/wp\/v2\/media?parent=486"}],"curies":[{"name":"wp","href":"https:\/\/api.w.org\/{rel}","templated":true}]}}