{"id":485,"date":"2025-07-19T12:05:42","date_gmt":"2025-07-19T12:05:42","guid":{"rendered":"https:\/\/basyapitprefabrik.com.tr\/?page_id=485"},"modified":"2025-07-19T17:15:04","modified_gmt":"2025-07-19T17:15:04","slug":"ultra-luks-prefabrik","status":"publish","type":"page","link":"https:\/\/basyapitprefabrik.com.tr\/index.php\/ultra-luks-prefabrik\/","title":{"rendered":"PREFABR\u0130K"},"content":{"rendered":"\n<div id=\"wp-block-themeisle-blocks-slider-299ac531\" class=\"wp-block-themeisle-blocks-slider glide\" data-per-view=\"1\" data-gap=\"0\" data-peek=\"0\" data-autoplay=\"true\" data-height=\"500px\" data-hide-arrows=\"false\"><div class=\"glide__track\" data-glide-el=\"track\"><div class=\"glide__slides\"><div class=\"wp-block-themeisle-blocks-slider-item-wrapper glide__slide\" tabindex=\"0\"><figure><img decoding=\"async\" class=\"wp-block-themeisle-blocks-slider-item\" src=\"https:\/\/basyapitprefabrik.com.tr\/wp-content\/uploads\/2025\/07\/WhatsApp-Image-2025-07-19-at-15.26.10-6.jpeg\" alt=\"\" title=\"\" data-id=\"577\"\/><\/figure><\/div><div class=\"wp-block-themeisle-blocks-slider-item-wrapper glide__slide\" tabindex=\"0\"><figure><img decoding=\"async\" class=\"wp-block-themeisle-blocks-slider-item\" src=\"https:\/\/basyapitprefabrik.com.tr\/wp-content\/uploads\/2025\/07\/WhatsApp-Image-2025-07-19-at-15.26.10-5.jpeg\" alt=\"\" title=\"\" data-id=\"571\"\/><\/figure><\/div><div class=\"wp-block-themeisle-blocks-slider-item-wrapper glide__slide\" tabindex=\"0\"><figure><img decoding=\"async\" class=\"wp-block-themeisle-blocks-slider-item\" src=\"https:\/\/basyapitprefabrik.com.tr\/wp-content\/uploads\/2025\/07\/WhatsApp-Image-2025-07-19-at-15.26.10-4.jpeg\" alt=\"\" title=\"\" data-id=\"574\"\/><\/figure><\/div><div class=\"wp-block-themeisle-blocks-slider-item-wrapper glide__slide\" tabindex=\"0\"><figure><img decoding=\"async\" class=\"wp-block-themeisle-blocks-slider-item\" src=\"https:\/\/basyapitprefabrik.com.tr\/wp-content\/uploads\/2025\/07\/WhatsApp-Image-2025-07-19-at-15.26.10-3.jpeg\" alt=\"\" title=\"\" data-id=\"570\"\/><\/figure><\/div><div class=\"wp-block-themeisle-blocks-slider-item-wrapper glide__slide\" tabindex=\"0\"><figure><img decoding=\"async\" class=\"wp-block-themeisle-blocks-slider-item\" src=\"https:\/\/basyapitprefabrik.com.tr\/wp-content\/uploads\/2025\/07\/WhatsApp-Image-2025-07-19-at-15.26.10-2.jpeg\" alt=\"\" title=\"\" data-id=\"572\"\/><\/figure><\/div><div class=\"wp-block-themeisle-blocks-slider-item-wrapper glide__slide\" tabindex=\"0\"><figure><img decoding=\"async\" class=\"wp-block-themeisle-blocks-slider-item\" src=\"https:\/\/basyapitprefabrik.com.tr\/wp-content\/uploads\/2025\/07\/WhatsApp-Image-2025-07-19-at-15.26.10-1-1.jpeg\" alt=\"\" title=\"\" data-id=\"575\"\/><\/figure><\/div><div class=\"wp-block-themeisle-blocks-slider-item-wrapper glide__slide\" tabindex=\"0\"><figure><img decoding=\"async\" class=\"wp-block-themeisle-blocks-slider-item\" src=\"https:\/\/basyapitprefabrik.com.tr\/wp-content\/uploads\/2025\/07\/WhatsApp-Image-2025-07-19-at-15.26.09-1.jpeg\" alt=\"\" title=\"\" data-id=\"576\"\/><\/figure><\/div><div class=\"wp-block-themeisle-blocks-slider-item-wrapper glide__slide\" tabindex=\"0\"><figure><img decoding=\"async\" class=\"wp-block-themeisle-blocks-slider-item\" src=\"https:\/\/basyapitprefabrik.com.tr\/wp-content\/uploads\/2025\/07\/WhatsApp-Image-2025-07-18-at-17.27.30-3.jpeg\" alt=\"\" title=\"\" data-id=\"573\"\/><\/figure><\/div><\/div><div class=\"glide__bullets\" data-glide-el=\"controls[nav]\"><button class=\"glide__bullet\" data-glide-dir=\"=0\"><\/button><button class=\"glide__bullet\" data-glide-dir=\"=1\"><\/button><button class=\"glide__bullet\" data-glide-dir=\"=2\"><\/button><button class=\"glide__bullet\" data-glide-dir=\"=3\"><\/button><button class=\"glide__bullet\" data-glide-dir=\"=4\"><\/button><button class=\"glide__bullet\" data-glide-dir=\"=5\"><\/button><button class=\"glide__bullet\" data-glide-dir=\"=6\"><\/button><button class=\"glide__bullet\" data-glide-dir=\"=7\"><\/button><\/div><\/div><\/div>\n\n\n\n<h2 id=\"wp-block-themeisle-blocks-advanced-heading-130587bf\" class=\"wp-block-themeisle-blocks-advanced-heading wp-block-themeisle-blocks-advanced-heading-130587bf\">\u00d6ZELL\u0130KLER\u0130 ;<\/h2>\n\n\n\n<ul class=\"wp-block-list\">\n<li style=\"font-size:16px\">Yap\u0131m\u0131z 40*60&nbsp; profilden olup&nbsp;&nbsp; d\u0131\u015f duvarlar bordex.<\/li>\n\n\n\n<li style=\"font-size:16px\">D\u0131\u015f y\u00fczeyimiz s\u00f6ve ile kaplan\u0131p tekst\u00fcre boya ile boyanmakta olup y\u00fcksek kalitede ses ve \u0131s\u0131 yal\u0131t\u0131m\u0131 sa\u011flamaktad\u0131r.<\/li>\n\n\n\n<li style=\"font-size:16px\">\u0130\u00e7 duvarlar\u0131m\u0131z Al\u00e7\u0131pan saten al\u00e7\u0131 ile duvar aralar\u0131ndaki cam y\u00fcn\u00fc sayesinde odalar aras\u0131 y\u00fcksek kalitede ses yal\u0131t\u0131m\u0131 sa\u011flamaktad\u0131r.<\/li>\n\n\n\n<li style=\"font-size:16px\">\u0130\u00e7 duvarlar\u0131m\u0131z bilinmi\u015f markalardan siline bilinir silikonlu boya olmaktad\u0131r.<\/li>\n\n\n\n<li style=\"font-size:16px\">Elektrik tesisat\u0131m\u0131z HES Antigron kablo olup huzur ve g\u00fcven vermekte.<\/li>\n\n\n\n<li style=\"font-size:16px\">Banyo lavabo, klozet ve bataryalar malzeme ve montaj dahil.<\/li>\n\n\n\n<li style=\"font-size:16px\">Banyo seramiklerimiz&nbsp; siz m\u00fc\u015fterilerimizin se\u00e7ece\u011fi model ve desenlerden uygulama yap\u0131lmaktad\u0131r.<\/li>\n\n\n\n<li style=\"font-size:16px\">\u0130\u00e7 kap\u0131lar\u0131m\u0131z siz m\u00fc\u015fterilerimizin se\u00e7ece\u011fi model&nbsp; Panel kap\u0131 kullan\u0131lmaktad\u0131r.<\/li>\n\n\n\n<li style=\"font-size:16px\">\u00c7elik kap\u0131m\u0131z siz m\u00fc\u015fterilerimizin se\u00e7ece\u011fi model.<\/li>\n\n\n\n<li style=\"font-size:16px\">Odalar\u0131m\u0131z\u0131n i\u00e7 y\u00fckseklik net 265 cm olmas\u0131ndan ve geni\u015f ve y\u00fcksek pencerelerden dolay\u0131 ayr\u0131 bir ferahl\u0131k vermektedir.<\/li>\n\n\n\n<li style=\"font-size:16px\">\u00c7at\u0131m\u0131z\u0131 geni\u015f sa\u00e7aklar\u0131 ile Sandvi\u00e7 panel d\u00f6\u015fenmektedir.<\/li>\n\n\n\n<li style=\"font-size:16px\">Tavan aras\u0131n\u0131n y\u00fcksek olmas\u0131 &nbsp;ayr\u0131ca cam y\u00fcn\u00fc sayesinde Is\u0131 ve ses yal\u0131t\u0131m\u0131 y\u00fcksektir.<\/li>\n<\/ul>\n\n\n\n<p><\/p>\n","protected":false},"excerpt":{"rendered":"","protected":false},"author":1,"featured_media":0,"parent":0,"menu_order":0,"comment_status":"closed","ping_status":"closed","template":"","meta":{"neve_meta_sidebar":"","neve_meta_container":"","neve_meta_enable_content_width":"","neve_meta_content_width":0,"neve_meta_title_alignment":"","neve_meta_author_avatar":"","neve_post_elements_order":"","neve_meta_disable_header":"","neve_meta_disable_footer":"","neve_meta_disable_title":"","_themeisle_gutenberg_block_has_review":false,"footnotes":""},"class_list":["post-485","page","type-page","status-publish","hentry"],"yoast_head":"<!-- This site is optimized with the Yoast SEO Premium plugin v24.5 (Yoast SEO v27.4) - https:\/\/yoast.com\/product\/yoast-seo-premium-wordpress\/ -->\n<title>PREFABR\u0130K - Ba\u015fyap\u0131t Prefabrik&amp;Konteyner<\/title>\n<meta name=\"robots\" content=\"index, follow, max-snippet:-1, max-image-preview:large, max-video-preview:-1\" \/>\n<link rel=\"canonical\" href=\"https:\/\/basyapitprefabrik.com.tr\/index.php\/ultra-luks-prefabrik\/\" \/>\n<meta property=\"og:locale\" content=\"tr_TR\" \/>\n<meta property=\"og:type\" content=\"article\" \/>\n<meta property=\"og:title\" content=\"PREFABR\u0130K\" \/>\n<meta property=\"og:url\" content=\"https:\/\/basyapitprefabrik.com.tr\/index.php\/ultra-luks-prefabrik\/\" \/>\n<meta property=\"og:site_name\" content=\"Ba\u015fyap\u0131t Prefabrik&amp;Konteyner\" \/>\n<meta property=\"article:publisher\" content=\"https:\/\/www.facebook.com\/profile.php?id=61560411951929\" \/>\n<meta property=\"article:modified_time\" content=\"2025-07-19T17:15:04+00:00\" \/>\n<meta property=\"og:image\" content=\"https:\/\/basyapitprefabrik.com.tr\/wp-content\/uploads\/2025\/07\/WhatsApp-Image-2025-07-19-at-15.26.10-6.jpeg\" \/>\n<meta name=\"twitter:card\" content=\"summary_large_image\" \/>\n<meta name=\"twitter:label1\" content=\"Tahmini okuma s\u00fcresi\" \/>\n\t<meta name=\"twitter:data1\" content=\"1 dakika\" \/>\n<script type=\"application\/ld+json\" class=\"yoast-schema-graph\">{\"@context\":\"https:\\\/\\\/schema.org\",\"@graph\":[{\"@type\":\"WebPage\",\"@id\":\"https:\\\/\\\/basyapitprefabrik.com.tr\\\/index.php\\\/ultra-luks-prefabrik\\\/\",\"url\":\"https:\\\/\\\/basyapitprefabrik.com.tr\\\/index.php\\\/ultra-luks-prefabrik\\\/\",\"name\":\"PREFABR\u0130K - Ba\u015fyap\u0131t Prefabrik&amp;Konteyner\",\"isPartOf\":{\"@id\":\"https:\\\/\\\/basyapitprefabrik.com.tr\\\/#website\"},\"primaryImageOfPage\":{\"@id\":\"https:\\\/\\\/basyapitprefabrik.com.tr\\\/index.php\\\/ultra-luks-prefabrik\\\/#primaryimage\"},\"image\":{\"@id\":\"https:\\\/\\\/basyapitprefabrik.com.tr\\\/index.php\\\/ultra-luks-prefabrik\\\/#primaryimage\"},\"thumbnailUrl\":\"https:\\\/\\\/basyapitprefabrik.com.tr\\\/wp-content\\\/uploads\\\/2025\\\/07\\\/WhatsApp-Image-2025-07-19-at-15.26.10-6.jpeg\",\"datePublished\":\"2025-07-19T12:05:42+00:00\",\"dateModified\":\"2025-07-19T17:15:04+00:00\",\"breadcrumb\":{\"@id\":\"https:\\\/\\\/basyapitprefabrik.com.tr\\\/index.php\\\/ultra-luks-prefabrik\\\/#breadcrumb\"},\"inLanguage\":\"tr\",\"potentialAction\":[{\"@type\":\"ReadAction\",\"target\":[\"https:\\\/\\\/basyapitprefabrik.com.tr\\\/index.php\\\/ultra-luks-prefabrik\\\/\"]}]},{\"@type\":\"ImageObject\",\"inLanguage\":\"tr\",\"@id\":\"https:\\\/\\\/basyapitprefabrik.com.tr\\\/index.php\\\/ultra-luks-prefabrik\\\/#primaryimage\",\"url\":\"https:\\\/\\\/basyapitprefabrik.com.tr\\\/wp-content\\\/uploads\\\/2025\\\/07\\\/WhatsApp-Image-2025-07-19-at-15.26.10-6.jpeg\",\"contentUrl\":\"https:\\\/\\\/basyapitprefabrik.com.tr\\\/wp-content\\\/uploads\\\/2025\\\/07\\\/WhatsApp-Image-2025-07-19-at-15.26.10-6.jpeg\",\"width\":1600,\"height\":900},{\"@type\":\"BreadcrumbList\",\"@id\":\"https:\\\/\\\/basyapitprefabrik.com.tr\\\/index.php\\\/ultra-luks-prefabrik\\\/#breadcrumb\",\"itemListElement\":[{\"@type\":\"ListItem\",\"position\":1,\"name\":\"Anasayfa\",\"item\":\"https:\\\/\\\/basyapitprefabrik.com.tr\\\/\"},{\"@type\":\"ListItem\",\"position\":2,\"name\":\"PREFABR\u0130K\"}]},{\"@type\":\"WebSite\",\"@id\":\"https:\\\/\\\/basyapitprefabrik.com.tr\\\/#website\",\"url\":\"https:\\\/\\\/basyapitprefabrik.com.tr\\\/\",\"name\":\"Ba\u015fyap\u0131t Prefabrik&Konteyner\",\"description\":\"\",\"publisher\":{\"@id\":\"https:\\\/\\\/basyapitprefabrik.com.tr\\\/#organization\"},\"potentialAction\":[{\"@type\":\"SearchAction\",\"target\":{\"@type\":\"EntryPoint\",\"urlTemplate\":\"https:\\\/\\\/basyapitprefabrik.com.tr\\\/?s={search_term_string}\"},\"query-input\":{\"@type\":\"PropertyValueSpecification\",\"valueRequired\":true,\"valueName\":\"search_term_string\"}}],\"inLanguage\":\"tr\"},{\"@type\":\"Organization\",\"@id\":\"https:\\\/\\\/basyapitprefabrik.com.tr\\\/#organization\",\"name\":\"Ba\u015fyap\u0131t Prefabrik&Konteyner\",\"url\":\"https:\\\/\\\/basyapitprefabrik.com.tr\\\/\",\"logo\":{\"@type\":\"ImageObject\",\"inLanguage\":\"tr\",\"@id\":\"https:\\\/\\\/basyapitprefabrik.com.tr\\\/#\\\/schema\\\/logo\\\/image\\\/\",\"url\":\"https:\\\/\\\/basyapitprefabrik.com.tr\\\/wp-content\\\/uploads\\\/2025\\\/07\\\/WhatsApp-Image-2025-07-18-at-16.39.20.jpeg\",\"contentUrl\":\"https:\\\/\\\/basyapitprefabrik.com.tr\\\/wp-content\\\/uploads\\\/2025\\\/07\\\/WhatsApp-Image-2025-07-18-at-16.39.20.jpeg\",\"width\":1440,\"height\":1049,\"caption\":\"Ba\u015fyap\u0131t Prefabrik&Konteyner\"},\"image\":{\"@id\":\"https:\\\/\\\/basyapitprefabrik.com.tr\\\/#\\\/schema\\\/logo\\\/image\\\/\"},\"sameAs\":[\"https:\\\/\\\/www.facebook.com\\\/profile.php?id=61560411951929\",\"https:\\\/\\\/www.instagram.com\\\/basyapit.prefabrik\\\/\"]}]}<\/script>\n<!-- \/ Yoast SEO Premium plugin. -->","yoast_head_json":{"title":"PREFABR\u0130K - Ba\u015fyap\u0131t Prefabrik&amp;Konteyner","robots":{"index":"index","follow":"follow","max-snippet":"max-snippet:-1","max-image-preview":"max-image-preview:large","max-video-preview":"max-video-preview:-1"},"canonical":"https:\/\/basyapitprefabrik.com.tr\/index.php\/ultra-luks-prefabrik\/","og_locale":"tr_TR","og_type":"article","og_title":"PREFABR\u0130K","og_url":"https:\/\/basyapitprefabrik.com.tr\/index.php\/ultra-luks-prefabrik\/","og_site_name":"Ba\u015fyap\u0131t Prefabrik&amp;Konteyner","article_publisher":"https:\/\/www.facebook.com\/profile.php?id=61560411951929","article_modified_time":"2025-07-19T17:15:04+00:00","og_image":[{"url":"https:\/\/basyapitprefabrik.com.tr\/wp-content\/uploads\/2025\/07\/WhatsApp-Image-2025-07-19-at-15.26.10-6.jpeg","type":"","width":"","height":""}],"twitter_card":"summary_large_image","twitter_misc":{"Tahmini okuma s\u00fcresi":"1 dakika"},"schema":{"@context":"https:\/\/schema.org","@graph":[{"@type":"WebPage","@id":"https:\/\/basyapitprefabrik.com.tr\/index.php\/ultra-luks-prefabrik\/","url":"https:\/\/basyapitprefabrik.com.tr\/index.php\/ultra-luks-prefabrik\/","name":"PREFABR\u0130K - Ba\u015fyap\u0131t Prefabrik&amp;Konteyner","isPartOf":{"@id":"https:\/\/basyapitprefabrik.com.tr\/#website"},"primaryImageOfPage":{"@id":"https:\/\/basyapitprefabrik.com.tr\/index.php\/ultra-luks-prefabrik\/#primaryimage"},"image":{"@id":"https:\/\/basyapitprefabrik.com.tr\/index.php\/ultra-luks-prefabrik\/#primaryimage"},"thumbnailUrl":"https:\/\/basyapitprefabrik.com.tr\/wp-content\/uploads\/2025\/07\/WhatsApp-Image-2025-07-19-at-15.26.10-6.jpeg","datePublished":"2025-07-19T12:05:42+00:00","dateModified":"2025-07-19T17:15:04+00:00","breadcrumb":{"@id":"https:\/\/basyapitprefabrik.com.tr\/index.php\/ultra-luks-prefabrik\/#breadcrumb"},"inLanguage":"tr","potentialAction":[{"@type":"ReadAction","target":["https:\/\/basyapitprefabrik.com.tr\/index.php\/ultra-luks-prefabrik\/"]}]},{"@type":"ImageObject","inLanguage":"tr","@id":"https:\/\/basyapitprefabrik.com.tr\/index.php\/ultra-luks-prefabrik\/#primaryimage","url":"https:\/\/basyapitprefabrik.com.tr\/wp-content\/uploads\/2025\/07\/WhatsApp-Image-2025-07-19-at-15.26.10-6.jpeg","contentUrl":"https:\/\/basyapitprefabrik.com.tr\/wp-content\/uploads\/2025\/07\/WhatsApp-Image-2025-07-19-at-15.26.10-6.jpeg","width":1600,"height":900},{"@type":"BreadcrumbList","@id":"https:\/\/basyapitprefabrik.com.tr\/index.php\/ultra-luks-prefabrik\/#breadcrumb","itemListElement":[{"@type":"ListItem","position":1,"name":"Anasayfa","item":"https:\/\/basyapitprefabrik.com.tr\/"},{"@type":"ListItem","position":2,"name":"PREFABR\u0130K"}]},{"@type":"WebSite","@id":"https:\/\/basyapitprefabrik.com.tr\/#website","url":"https:\/\/basyapitprefabrik.com.tr\/","name":"Ba\u015fyap\u0131t Prefabrik&Konteyner","description":"","publisher":{"@id":"https:\/\/basyapitprefabrik.com.tr\/#organization"},"potentialAction":[{"@type":"SearchAction","target":{"@type":"EntryPoint","urlTemplate":"https:\/\/basyapitprefabrik.com.tr\/?s={search_term_string}"},"query-input":{"@type":"PropertyValueSpecification","valueRequired":true,"valueName":"search_term_string"}}],"inLanguage":"tr"},{"@type":"Organization","@id":"https:\/\/basyapitprefabrik.com.tr\/#organization","name":"Ba\u015fyap\u0131t Prefabrik&Konteyner","url":"https:\/\/basyapitprefabrik.com.tr\/","logo":{"@type":"ImageObject","inLanguage":"tr","@id":"https:\/\/basyapitprefabrik.com.tr\/#\/schema\/logo\/image\/","url":"https:\/\/basyapitprefabrik.com.tr\/wp-content\/uploads\/2025\/07\/WhatsApp-Image-2025-07-18-at-16.39.20.jpeg","contentUrl":"https:\/\/basyapitprefabrik.com.tr\/wp-content\/uploads\/2025\/07\/WhatsApp-Image-2025-07-18-at-16.39.20.jpeg","width":1440,"height":1049,"caption":"Ba\u015fyap\u0131t Prefabrik&Konteyner"},"image":{"@id":"https:\/\/basyapitprefabrik.com.tr\/#\/schema\/logo\/image\/"},"sameAs":["https:\/\/www.facebook.com\/profile.php?id=61560411951929","https:\/\/www.instagram.com\/basyapit.prefabrik\/"]}]}},"_links":{"self":[{"href":"https:\/\/basyapitprefabrik.com.tr\/index.php\/wp-json\/wp\/v2\/pages\/485","targetHints":{"allow":["GET"]}}],"collection":[{"href":"https:\/\/basyapitprefabrik.com.tr\/index.php\/wp-json\/wp\/v2\/pages"}],"about":[{"href":"https:\/\/basyapitprefabrik.com.tr\/index.php\/wp-json\/wp\/v2\/types\/page"}],"author":[{"embeddable":true,"href":"https:\/\/basyapitprefabrik.com.tr\/index.php\/wp-json\/wp\/v2\/users\/1"}],"replies":[{"embeddable":true,"href":"https:\/\/basyapitprefabrik.com.tr\/index.php\/wp-json\/wp\/v2\/comments?post=485"}],"version-history":[{"count":4,"href":"https:\/\/basyapitprefabrik.com.tr\/index.php\/wp-json\/wp\/v2\/pages\/485\/revisions"}],"predecessor-version":[{"id":578,"href":"https:\/\/basyapitprefabrik.com.tr\/index.php\/wp-json\/wp\/v2\/pages\/485\/revisions\/578"}],"wp:attachment":[{"href":"https:\/\/basyapitprefabrik.com.tr\/index.php\/wp-json\/wp\/v2\/media?parent=485"}],"curies":[{"name":"wp","href":"https:\/\/api.w.org\/{rel}","templated":true}]}}