{"id":325,"date":"2020-03-27T14:39:01","date_gmt":"2020-03-27T14:39:01","guid":{"rendered":"https:\/\/demosites.io\/energy-panels-gb\/?page_id=325"},"modified":"2025-10-14T01:08:17","modified_gmt":"2025-10-14T01:08:17","slug":"0dc9b-contact","status":"publish","type":"page","link":"https:\/\/basyapitprefabrik.com.tr\/index.php\/0dc9b-contact\/","title":{"rendered":"\u0130LET\u0130\u015e\u0130M"},"content":{"rendered":"\n<div id=\"wp-block-themeisle-blocks-advanced-columns-f0bf6fda\" class=\"wp-block-themeisle-blocks-advanced-columns alignfull has-1-columns has-desktop-equal-layout has-tablet-equal-layout has-mobile-equal-layout has-vertical-unset\"><div class=\"wp-block-themeisle-blocks-advanced-columns-overlay\"><\/div><div class=\"innerblocks-wrap\">\n<div id=\"wp-block-themeisle-blocks-advanced-column-d86c0863\" class=\"wp-block-themeisle-blocks-advanced-column\"><\/div>\n<\/div><\/div>\n\n\n\n<div id=\"wp-block-themeisle-blocks-advanced-columns-9a38cbaa\" class=\"wp-block-themeisle-blocks-advanced-columns alignfull has-2-columns has-desktop-equal-layout has-tablet-twoOne-layout has-mobile-collapsedRows-layout has-vertical-unset ticss-af0b49bf has-light-bg\"><div class=\"wp-block-themeisle-blocks-advanced-columns-overlay\"><\/div><div class=\"innerblocks-wrap\">\n<div id=\"wp-block-themeisle-blocks-advanced-column-ea20ba02\" class=\"wp-block-themeisle-blocks-advanced-column has-light-bg\">\n<h1 id=\"wp-block-themeisle-blocks-advanced-heading-d67790d0\" class=\"wp-block-themeisle-blocks-advanced-heading wp-block-themeisle-blocks-advanced-heading-d67790d0\">B\u0130ZE ULA\u015eIN<\/h1>\n\n\n\n<p class=\"has-neve-text-color-color has-text-color\" style=\"font-size:19px\">Hayalinizdeki yap\u0131y\u0131 birlikte in\u015fa edelim.<br>Prefabrik evler, \u00e7elik yap\u0131lar, depo \u00e7\u00f6z\u00fcmleri, ferforje \u00e7it sistemleri ve daha fazlas\u0131 hakk\u0131nda bilgi almak i\u00e7in bizimle ileti\u015fime ge\u00e7in.<\/p>\n<\/div>\n\n\n\n<div id=\"wp-block-themeisle-blocks-advanced-column-c28105de\" class=\"wp-block-themeisle-blocks-advanced-column\"><\/div>\n<\/div><\/div>\n\n\n\n<div id=\"wp-block-themeisle-blocks-advanced-columns-4fb46f15\" class=\"wp-block-themeisle-blocks-advanced-columns alignfull has-3-columns has-desktop-equal-layout has-tablet-equal-layout has-mobile-collapsedRows-layout has-vertical-unset has-light-bg\"><div class=\"wp-block-themeisle-blocks-advanced-columns-overlay\"><\/div><div class=\"innerblocks-wrap\">\n<div id=\"wp-block-themeisle-blocks-advanced-column-5eb41dd0\" class=\"wp-block-themeisle-blocks-advanced-column\">\n<div id=\"wp-block-themeisle-blocks-font-awesome-icons-d0088687\" class=\"wp-block-themeisle-blocks-font-awesome-icons\"><span class=\"wp-block-themeisle-blocks-font-awesome-icons-container\"><i class=\"fas fa-phone\"><\/i><\/span><\/div>\n\n\n\n<div style=\"height:10px\" aria-hidden=\"true\" class=\"wp-block-spacer\"><\/div>\n\n\n\n<h3 id=\"wp-block-themeisle-blocks-advanced-heading-191a358a\" class=\"wp-block-themeisle-blocks-advanced-heading wp-block-themeisle-blocks-advanced-heading-191a358a\">05459194430<br>05453137305<\/h3>\n<\/div>\n\n\n\n<div id=\"wp-block-themeisle-blocks-advanced-column-b1d21cf7\" class=\"wp-block-themeisle-blocks-advanced-column\">\n<div id=\"wp-block-themeisle-blocks-font-awesome-icons-49ee2d88\" class=\"wp-block-themeisle-blocks-font-awesome-icons\"><span class=\"wp-block-themeisle-blocks-font-awesome-icons-container\"><i class=\"fas fa-envelope\"><\/i><\/span><\/div>\n\n\n\n<div style=\"height:10px\" aria-hidden=\"true\" class=\"wp-block-spacer\"><\/div>\n\n\n\n<h4 id=\"wp-block-themeisle-blocks-advanced-heading-5084cb30\" class=\"wp-block-themeisle-blocks-advanced-heading wp-block-themeisle-blocks-advanced-heading-5084cb30\">bilgi@basyapitprefabrik.com.tr<br><br>          muhasabe@basyapitprefabrik.com.tr<\/h4>\n<\/div>\n\n\n\n<div id=\"wp-block-themeisle-blocks-advanced-column-54ce0700\" class=\"wp-block-themeisle-blocks-advanced-column\">\n<div id=\"wp-block-themeisle-blocks-font-awesome-icons-1c1d892e\" class=\"wp-block-themeisle-blocks-font-awesome-icons\"><span class=\"wp-block-themeisle-blocks-font-awesome-icons-container\"><i class=\"fas fa-map-pin\"><\/i><\/span><\/div>\n\n\n\n<div style=\"height:10px\" aria-hidden=\"true\" class=\"wp-block-spacer\"><\/div>\n\n\n\n<h3 id=\"wp-block-themeisle-blocks-advanced-heading-4fcb5e00\" class=\"wp-block-themeisle-blocks-advanced-heading wp-block-themeisle-blocks-advanced-heading-4fcb5e00\">\u00c7AMK\u00d6Y MAH. 21034 SK. NO: 7 AKSU\/ ANTALYA<\/h3>\n<\/div>\n<\/div><\/div>\n\n\n<div style=\"height:400pxpx;\" class=\"alignwide alignwide wp-block-themeisle-blocks-leaflet-map\" id=\"wp-block-themeisle-blocks-leaflet-map-d2d8add6\"><\/div>\n<script type=\"text\/javascript\">\n\t\/* <![CDATA[ *\/\n\t\tif ( ! window.themeisleLeafletMaps ) window.themeisleLeafletMaps =[];\n\t\twindow.themeisleLeafletMaps.push( { container: \"wp-block-themeisle-blocks-leaflet-map-d2d8add6\", attributes: {\"id\":\"wp-block-themeisle-blocks-leaflet-map-d2d8add6\",\"location\":\"aksu\\\/antalya\",\"latitude\":\"36.94692852924385\",\"longitude\":\"30.84732220154749\",\"bbox\":\"30.84025382995606,36.940082415815425,30.854372978210453,36.953801463748185\",\"zoom\":15,\"align\":\"wide\",\"height\":\"400px\",\"markers\":[],\"zoomControl\":true,\"draggable\":true,\"hasCustomCSS\":false,\"customCSS\":\"\",\"otterConditions\":[]} } );\n\t\/* ]]> *\/\n<\/script>\n\n\n\n<p><\/p>\n","protected":false},"excerpt":{"rendered":"","protected":false},"author":1,"featured_media":0,"parent":0,"menu_order":0,"comment_status":"closed","ping_status":"closed","template":"page-templates\/template-pagebuilder-full-width.php","meta":{"neve_meta_sidebar":"full-width","neve_meta_container":"","neve_meta_enable_content_width":"on","neve_meta_content_width":100,"neve_meta_title_alignment":"","neve_meta_author_avatar":"","neve_post_elements_order":"","neve_meta_disable_header":"","neve_meta_disable_footer":"","neve_meta_disable_title":"","_themeisle_gutenberg_block_has_review":false,"footnotes":""},"class_list":["post-325","page","type-page","status-publish","hentry"],"yoast_head":"<!-- This site is optimized with the Yoast SEO Premium plugin v24.5 (Yoast SEO v27.4) - https:\/\/yoast.com\/product\/yoast-seo-premium-wordpress\/ -->\n<title>\u0130LET\u0130\u015e\u0130M - Ba\u015fyap\u0131t Prefabrik&amp;Konteyner<\/title>\n<meta name=\"robots\" content=\"index, follow, max-snippet:-1, max-image-preview:large, max-video-preview:-1\" \/>\n<link rel=\"canonical\" href=\"https:\/\/basyapitprefabrik.com.tr\/index.php\/0dc9b-contact\/\" \/>\n<meta property=\"og:locale\" content=\"tr_TR\" \/>\n<meta property=\"og:type\" content=\"article\" \/>\n<meta property=\"og:title\" content=\"\u0130LET\u0130\u015e\u0130M\" \/>\n<meta property=\"og:url\" content=\"https:\/\/basyapitprefabrik.com.tr\/index.php\/0dc9b-contact\/\" \/>\n<meta property=\"og:site_name\" content=\"Ba\u015fyap\u0131t Prefabrik&amp;Konteyner\" \/>\n<meta property=\"article:publisher\" content=\"https:\/\/www.facebook.com\/profile.php?id=61560411951929\" \/>\n<meta property=\"article:modified_time\" content=\"2025-10-14T01:08:17+00:00\" \/>\n<meta name=\"twitter:card\" content=\"summary_large_image\" \/>\n<meta name=\"twitter:label1\" content=\"Tahmini okuma s\u00fcresi\" \/>\n\t<meta name=\"twitter:data1\" content=\"1 dakika\" \/>\n<script type=\"application\/ld+json\" class=\"yoast-schema-graph\">{\"@context\":\"https:\\\/\\\/schema.org\",\"@graph\":[{\"@type\":\"WebPage\",\"@id\":\"https:\\\/\\\/basyapitprefabrik.com.tr\\\/index.php\\\/0dc9b-contact\\\/\",\"url\":\"https:\\\/\\\/basyapitprefabrik.com.tr\\\/index.php\\\/0dc9b-contact\\\/\",\"name\":\"\u0130LET\u0130\u015e\u0130M - Ba\u015fyap\u0131t Prefabrik&amp;Konteyner\",\"isPartOf\":{\"@id\":\"https:\\\/\\\/basyapitprefabrik.com.tr\\\/#website\"},\"datePublished\":\"2020-03-27T14:39:01+00:00\",\"dateModified\":\"2025-10-14T01:08:17+00:00\",\"breadcrumb\":{\"@id\":\"https:\\\/\\\/basyapitprefabrik.com.tr\\\/index.php\\\/0dc9b-contact\\\/#breadcrumb\"},\"inLanguage\":\"tr\",\"potentialAction\":[{\"@type\":\"ReadAction\",\"target\":[\"https:\\\/\\\/basyapitprefabrik.com.tr\\\/index.php\\\/0dc9b-contact\\\/\"]}]},{\"@type\":\"BreadcrumbList\",\"@id\":\"https:\\\/\\\/basyapitprefabrik.com.tr\\\/index.php\\\/0dc9b-contact\\\/#breadcrumb\",\"itemListElement\":[{\"@type\":\"ListItem\",\"position\":1,\"name\":\"Anasayfa\",\"item\":\"https:\\\/\\\/basyapitprefabrik.com.tr\\\/\"},{\"@type\":\"ListItem\",\"position\":2,\"name\":\"\u0130LET\u0130\u015e\u0130M\"}]},{\"@type\":\"WebSite\",\"@id\":\"https:\\\/\\\/basyapitprefabrik.com.tr\\\/#website\",\"url\":\"https:\\\/\\\/basyapitprefabrik.com.tr\\\/\",\"name\":\"Ba\u015fyap\u0131t Prefabrik&Konteyner\",\"description\":\"\",\"publisher\":{\"@id\":\"https:\\\/\\\/basyapitprefabrik.com.tr\\\/#organization\"},\"potentialAction\":[{\"@type\":\"SearchAction\",\"target\":{\"@type\":\"EntryPoint\",\"urlTemplate\":\"https:\\\/\\\/basyapitprefabrik.com.tr\\\/?s={search_term_string}\"},\"query-input\":{\"@type\":\"PropertyValueSpecification\",\"valueRequired\":true,\"valueName\":\"search_term_string\"}}],\"inLanguage\":\"tr\"},{\"@type\":\"Organization\",\"@id\":\"https:\\\/\\\/basyapitprefabrik.com.tr\\\/#organization\",\"name\":\"Ba\u015fyap\u0131t Prefabrik&Konteyner\",\"url\":\"https:\\\/\\\/basyapitprefabrik.com.tr\\\/\",\"logo\":{\"@type\":\"ImageObject\",\"inLanguage\":\"tr\",\"@id\":\"https:\\\/\\\/basyapitprefabrik.com.tr\\\/#\\\/schema\\\/logo\\\/image\\\/\",\"url\":\"https:\\\/\\\/basyapitprefabrik.com.tr\\\/wp-content\\\/uploads\\\/2025\\\/07\\\/WhatsApp-Image-2025-07-18-at-16.39.20.jpeg\",\"contentUrl\":\"https:\\\/\\\/basyapitprefabrik.com.tr\\\/wp-content\\\/uploads\\\/2025\\\/07\\\/WhatsApp-Image-2025-07-18-at-16.39.20.jpeg\",\"width\":1440,\"height\":1049,\"caption\":\"Ba\u015fyap\u0131t Prefabrik&Konteyner\"},\"image\":{\"@id\":\"https:\\\/\\\/basyapitprefabrik.com.tr\\\/#\\\/schema\\\/logo\\\/image\\\/\"},\"sameAs\":[\"https:\\\/\\\/www.facebook.com\\\/profile.php?id=61560411951929\",\"https:\\\/\\\/www.instagram.com\\\/basyapit.prefabrik\\\/\"]}]}<\/script>\n<!-- \/ Yoast SEO Premium plugin. -->","yoast_head_json":{"title":"\u0130LET\u0130\u015e\u0130M - Ba\u015fyap\u0131t Prefabrik&amp;Konteyner","robots":{"index":"index","follow":"follow","max-snippet":"max-snippet:-1","max-image-preview":"max-image-preview:large","max-video-preview":"max-video-preview:-1"},"canonical":"https:\/\/basyapitprefabrik.com.tr\/index.php\/0dc9b-contact\/","og_locale":"tr_TR","og_type":"article","og_title":"\u0130LET\u0130\u015e\u0130M","og_url":"https:\/\/basyapitprefabrik.com.tr\/index.php\/0dc9b-contact\/","og_site_name":"Ba\u015fyap\u0131t Prefabrik&amp;Konteyner","article_publisher":"https:\/\/www.facebook.com\/profile.php?id=61560411951929","article_modified_time":"2025-10-14T01:08:17+00:00","twitter_card":"summary_large_image","twitter_misc":{"Tahmini okuma s\u00fcresi":"1 dakika"},"schema":{"@context":"https:\/\/schema.org","@graph":[{"@type":"WebPage","@id":"https:\/\/basyapitprefabrik.com.tr\/index.php\/0dc9b-contact\/","url":"https:\/\/basyapitprefabrik.com.tr\/index.php\/0dc9b-contact\/","name":"\u0130LET\u0130\u015e\u0130M - Ba\u015fyap\u0131t Prefabrik&amp;Konteyner","isPartOf":{"@id":"https:\/\/basyapitprefabrik.com.tr\/#website"},"datePublished":"2020-03-27T14:39:01+00:00","dateModified":"2025-10-14T01:08:17+00:00","breadcrumb":{"@id":"https:\/\/basyapitprefabrik.com.tr\/index.php\/0dc9b-contact\/#breadcrumb"},"inLanguage":"tr","potentialAction":[{"@type":"ReadAction","target":["https:\/\/basyapitprefabrik.com.tr\/index.php\/0dc9b-contact\/"]}]},{"@type":"BreadcrumbList","@id":"https:\/\/basyapitprefabrik.com.tr\/index.php\/0dc9b-contact\/#breadcrumb","itemListElement":[{"@type":"ListItem","position":1,"name":"Anasayfa","item":"https:\/\/basyapitprefabrik.com.tr\/"},{"@type":"ListItem","position":2,"name":"\u0130LET\u0130\u015e\u0130M"}]},{"@type":"WebSite","@id":"https:\/\/basyapitprefabrik.com.tr\/#website","url":"https:\/\/basyapitprefabrik.com.tr\/","name":"Ba\u015fyap\u0131t Prefabrik&Konteyner","description":"","publisher":{"@id":"https:\/\/basyapitprefabrik.com.tr\/#organization"},"potentialAction":[{"@type":"SearchAction","target":{"@type":"EntryPoint","urlTemplate":"https:\/\/basyapitprefabrik.com.tr\/?s={search_term_string}"},"query-input":{"@type":"PropertyValueSpecification","valueRequired":true,"valueName":"search_term_string"}}],"inLanguage":"tr"},{"@type":"Organization","@id":"https:\/\/basyapitprefabrik.com.tr\/#organization","name":"Ba\u015fyap\u0131t Prefabrik&Konteyner","url":"https:\/\/basyapitprefabrik.com.tr\/","logo":{"@type":"ImageObject","inLanguage":"tr","@id":"https:\/\/basyapitprefabrik.com.tr\/#\/schema\/logo\/image\/","url":"https:\/\/basyapitprefabrik.com.tr\/wp-content\/uploads\/2025\/07\/WhatsApp-Image-2025-07-18-at-16.39.20.jpeg","contentUrl":"https:\/\/basyapitprefabrik.com.tr\/wp-content\/uploads\/2025\/07\/WhatsApp-Image-2025-07-18-at-16.39.20.jpeg","width":1440,"height":1049,"caption":"Ba\u015fyap\u0131t Prefabrik&Konteyner"},"image":{"@id":"https:\/\/basyapitprefabrik.com.tr\/#\/schema\/logo\/image\/"},"sameAs":["https:\/\/www.facebook.com\/profile.php?id=61560411951929","https:\/\/www.instagram.com\/basyapit.prefabrik\/"]}]}},"_links":{"self":[{"href":"https:\/\/basyapitprefabrik.com.tr\/index.php\/wp-json\/wp\/v2\/pages\/325","targetHints":{"allow":["GET"]}}],"collection":[{"href":"https:\/\/basyapitprefabrik.com.tr\/index.php\/wp-json\/wp\/v2\/pages"}],"about":[{"href":"https:\/\/basyapitprefabrik.com.tr\/index.php\/wp-json\/wp\/v2\/types\/page"}],"author":[{"embeddable":true,"href":"https:\/\/basyapitprefabrik.com.tr\/index.php\/wp-json\/wp\/v2\/users\/1"}],"replies":[{"embeddable":true,"href":"https:\/\/basyapitprefabrik.com.tr\/index.php\/wp-json\/wp\/v2\/comments?post=325"}],"version-history":[{"count":5,"href":"https:\/\/basyapitprefabrik.com.tr\/index.php\/wp-json\/wp\/v2\/pages\/325\/revisions"}],"predecessor-version":[{"id":652,"href":"https:\/\/basyapitprefabrik.com.tr\/index.php\/wp-json\/wp\/v2\/pages\/325\/revisions\/652"}],"wp:attachment":[{"href":"https:\/\/basyapitprefabrik.com.tr\/index.php\/wp-json\/wp\/v2\/media?parent=325"}],"curies":[{"name":"wp","href":"https:\/\/api.w.org\/{rel}","templated":true}]}}