{"id":322,"date":"2020-03-27T14:10:23","date_gmt":"2020-03-27T14:10:23","guid":{"rendered":"https:\/\/demosites.io\/energy-panels-gb\/?page_id=322"},"modified":"2025-07-22T18:26:45","modified_gmt":"2025-07-22T18:26:45","slug":"antalya-prefabrik-ev","status":"publish","type":"page","link":"https:\/\/basyapitprefabrik.com.tr\/index.php\/antalya-prefabrik-ev\/","title":{"rendered":"H\u0130ZMETLER\u0130M\u0130Z"},"content":{"rendered":"\n<div id=\"wp-block-themeisle-blocks-advanced-columns-f0bf6fda\" class=\"wp-block-themeisle-blocks-advanced-columns alignfull has-1-columns has-desktop-equal-layout has-tablet-equal-layout has-mobile-equal-layout has-vertical-unset\"><div class=\"wp-block-themeisle-blocks-advanced-columns-overlay\"><\/div><div class=\"innerblocks-wrap\">\n<div id=\"wp-block-themeisle-blocks-advanced-column-d86c0863\" class=\"wp-block-themeisle-blocks-advanced-column\"><\/div>\n<\/div><\/div>\n\n\n\n<div id=\"wp-block-themeisle-blocks-advanced-columns-9a38cbaa\" class=\"wp-block-themeisle-blocks-advanced-columns alignfull has-2-columns has-desktop-equal-layout has-tablet-twoOne-layout has-mobile-collapsedRows-layout has-vertical-unset ticss-af0b49bf has-light-bg\"><div class=\"wp-block-themeisle-blocks-advanced-columns-overlay\"><\/div><div class=\"innerblocks-wrap\">\n<div id=\"wp-block-themeisle-blocks-advanced-column-ea20ba02\" class=\"wp-block-themeisle-blocks-advanced-column has-light-bg\">\n<h1 id=\"wp-block-themeisle-blocks-advanced-heading-d67790d0\" class=\"wp-block-themeisle-blocks-advanced-heading wp-block-themeisle-blocks-advanced-heading-d67790d0\">H\u0130ZMETLER\u0130M\u0130Z<\/h1>\n\n\n\n<p class=\"has-neve-text-color-color has-text-color\" style=\"font-size:19px\">Antalya Ba\u015fyap\u0131t Prefabrik olarak, prefabrik ev se\u00e7enekleri konusunda Antalya&#8217;da modern ya\u015fam\u0131n ihtiya\u00e7lar\u0131na \u00f6zel tasarlanm\u0131\u015f dayan\u0131kl\u0131 ve ekonomik yap\u0131 \u00e7\u00f6z\u00fcmleri sunuyoruz. Hem bireysel hem kurumsal projeler i\u00e7in geni\u015f bir hizmet yelpazesi ile yan\u0131n\u0131zday\u0131z. Prefabrik ev Antalya projelerimizde m\u00fc\u015fteri memnuniyeti \u00f6nceli\u011fimizdir .<\/p>\n<\/div>\n\n\n\n<div id=\"wp-block-themeisle-blocks-advanced-column-c28105de\" class=\"wp-block-themeisle-blocks-advanced-column\"><\/div>\n<\/div><\/div>\n\n\n\n<div id=\"wp-block-themeisle-blocks-advanced-columns-94906ce4\" class=\"wp-block-themeisle-blocks-advanced-columns alignfull has-3-columns has-desktop-equal-layout has-tablet-equal-layout has-mobile-collapsedRows-layout has-vertical-unset has-light-bg\"><div class=\"wp-block-themeisle-blocks-advanced-columns-overlay\"><\/div><div class=\"innerblocks-wrap\">\n<div id=\"wp-block-themeisle-blocks-advanced-column-35f07ce8\" class=\"wp-block-themeisle-blocks-advanced-column\">\n<div id=\"wp-block-themeisle-blocks-font-awesome-icons-49ee2d88\" class=\"wp-block-themeisle-blocks-font-awesome-icons\"><span class=\"wp-block-themeisle-blocks-font-awesome-icons-container\"><i class=\"fas fa-power-off\"><\/i><\/span><\/div>\n\n\n\n<h3 id=\"wp-block-themeisle-blocks-advanced-heading-5677dff3\" class=\"wp-block-themeisle-blocks-advanced-heading wp-block-themeisle-blocks-advanced-heading-5677dff3\">PREFABR\u0130K<\/h3>\n\n\n\n<p class=\"has-neve-text-color-color has-text-color\">Estetik, sa\u011flam ve h\u0131zl\u0131 kurulan prefabrik ev \u00e7\u00f6z\u00fcmlerimizle, konforlu ya\u015fam alanlar\u0131 sunuyoruz. Antalya&#8217;da prefabrik ev se\u00e7eneklerini de\u011ferlendirenler i\u00e7in hem tek katl\u0131, \u00e7ift katl\u0131 hem de \u00f6zel projelendirme se\u00e7enekleriyle hizmetinizdeyiz. \u00d6zellikle  prefabrik ev ihtiyac\u0131 olanlar i\u00e7in harika \u00e7\u00f6z\u00fcmler sunarlar, \u00e7\u00fcnk\u00fc prefabrik ev se\u00e7enekleri \u00e7ok \u00e7e\u015fitlidir.<\/p>\n<\/div>\n\n\n\n<div id=\"wp-block-themeisle-blocks-advanced-column-5376f978\" class=\"wp-block-themeisle-blocks-advanced-column\">\n<div id=\"wp-block-themeisle-blocks-font-awesome-icons-a92e1471\" class=\"wp-block-themeisle-blocks-font-awesome-icons\"><span class=\"wp-block-themeisle-blocks-font-awesome-icons-container\"><i class=\"fas fa-plug\"><\/i><\/span><\/div>\n\n\n\n<h3 id=\"wp-block-themeisle-blocks-advanced-heading-668908bc\" class=\"wp-block-themeisle-blocks-advanced-heading wp-block-themeisle-blocks-advanced-heading-668908bc\">ULTRA L\u00dcKS PREFABR\u0130K<\/h3>\n\n\n\n<p class=\"has-neve-text-color-color has-text-color\">Ba\u015fyap\u0131t Prefabrik olarak sundu\u011fumuz <strong>ultra l\u00fcks prefabrik evler<\/strong>, geleneksel konutlardan farks\u0131z bir ya\u015fam kalitesi sunar. Antalya b\u00f6lgesinde prefabrik ev projelerimiz, sadece ge\u00e7ici de\u011fil, \u00f6m\u00fcrl\u00fck bir ya\u015fam alan\u0131 isteyenler i\u00e7in tasarlanm\u0131\u015ft\u0131r.<\/p>\n<\/div>\n\n\n\n<div id=\"wp-block-themeisle-blocks-advanced-column-2af9478f\" class=\"wp-block-themeisle-blocks-advanced-column\">\n<div id=\"wp-block-themeisle-blocks-font-awesome-icons-6353e4f9\" class=\"wp-block-themeisle-blocks-font-awesome-icons\"><span class=\"wp-block-themeisle-blocks-font-awesome-icons-container\"><i class=\"fas fa-lightbulb\"><\/i><\/span><\/div>\n\n\n\n<h3 id=\"wp-block-themeisle-blocks-advanced-heading-1ce9841d\" class=\"wp-block-themeisle-blocks-advanced-heading wp-block-themeisle-blocks-advanced-heading-1ce9841d\">A\u011eIR \u00c7EL\u0130K<\/h3>\n\n\n\n<p class=\"has-neve-text-color-color has-text-color\"><meta charset=\"utf-8\">Fabrika, depo, hangar gibi end\u00fcstriyel yap\u0131lar i\u00e7in uzun \u00f6m\u00fcrl\u00fc ve dayan\u0131kl\u0131 \u00e7elik konstr\u00fcksiyon \u00e7\u00f6z\u00fcmleri sunuyoruz, \u00f6zellikle Antalya&#8217;da prefabrik ev yan\u0131nda tercih edilmektedir.<\/p>\n<\/div>\n<\/div><\/div>\n\n\n\n<div id=\"wp-block-themeisle-blocks-advanced-columns-aa43847b\" class=\"wp-block-themeisle-blocks-advanced-columns alignfull has-3-columns has-desktop-equal-layout has-tablet-equal-layout has-mobile-collapsedRows-layout has-vertical-unset has-light-bg\"><div class=\"wp-block-themeisle-blocks-advanced-columns-overlay\"><\/div><div class=\"innerblocks-wrap\">\n<div id=\"wp-block-themeisle-blocks-advanced-column-0267b37c\" class=\"wp-block-themeisle-blocks-advanced-column\">\n<div id=\"wp-block-themeisle-blocks-font-awesome-icons-123d507a\" class=\"wp-block-themeisle-blocks-font-awesome-icons\"><span class=\"wp-block-themeisle-blocks-font-awesome-icons-container\"><i class=\"fas fa-power-off\"><\/i><\/span><\/div>\n\n\n\n<h3 id=\"wp-block-themeisle-blocks-advanced-heading-001d4034\" class=\"wp-block-themeisle-blocks-advanced-heading wp-block-themeisle-blocks-advanced-heading-001d4034\">\u0130\u015e YER\u0130\/DEPO<\/h3>\n\n\n\n<p class=\"has-neve-text-color-color has-text-color\">\u0130\u015fletmelerin ihtiya\u00e7lar\u0131na uygun, h\u0131zl\u0131 kurulan ve i\u015flevsel depo &amp; i\u015f yeri projeleri geli\u015ftiriyoruz. Prefabrik yap\u0131lar, \u00f6zellikle Antalya da projelerinin yayg\u0131n oldu\u011fu b\u00f6lgede bu t\u00fcr projeler i\u00e7in idealdir.<\/p>\n<\/div>\n\n\n\n<div id=\"wp-block-themeisle-blocks-advanced-column-9fa1366a\" class=\"wp-block-themeisle-blocks-advanced-column\">\n<div id=\"wp-block-themeisle-blocks-font-awesome-icons-ecc65f5b\" class=\"wp-block-themeisle-blocks-font-awesome-icons\"><span class=\"wp-block-themeisle-blocks-font-awesome-icons-container\"><i class=\"fas fa-plug\"><\/i><\/span><\/div>\n\n\n\n<h3 id=\"wp-block-themeisle-blocks-advanced-heading-6cea0d67\" class=\"wp-block-themeisle-blocks-advanced-heading wp-block-themeisle-blocks-advanced-heading-6cea0d67\">FERFORJE<\/h3>\n\n\n\n<p class=\"has-neve-text-color-color has-text-color\">Hem g\u00fcvenlik hem de estetik sunan ferforje \u00e7it uygulamalar\u0131yla \u00e7evre d\u00fczenlemenizi tamaml\u0131yoruz. \u00d6zellikle prefabrik ev ba\u015flarken Antalya projelerine uygun \u00e7\u00f6z\u00fcmler sunmaktad\u0131r.<\/p>\n<\/div>\n\n\n\n<div id=\"wp-block-themeisle-blocks-advanced-column-a3013e9c\" class=\"wp-block-themeisle-blocks-advanced-column\">\n<div id=\"wp-block-themeisle-blocks-font-awesome-icons-e1d9e852\" class=\"wp-block-themeisle-blocks-font-awesome-icons\"><span class=\"wp-block-themeisle-blocks-font-awesome-icons-container\"><i class=\"fas fa-lightbulb\"><\/i><\/span><\/div>\n\n\n\n<h3 id=\"wp-block-themeisle-blocks-advanced-heading-44181ae0\" class=\"wp-block-themeisle-blocks-advanced-heading wp-block-themeisle-blocks-advanced-heading-44181ae0\">\u00c7\u0130T \/ \u00c7\u0130M\u00c7\u0130T<\/h3>\n\n\n\n<p class=\"has-neve-text-color-color has-text-color\"><meta charset=\"utf-8\">Dekoratif ve pratik \u00e7im\u00e7it \u00e7\u00f6z\u00fcmleriyle bah\u00e7e, otopark, site gibi alanlara ye\u015fil ve do\u011fal bir g\u00f6r\u00fcn\u00fcm kazand\u0131r\u0131yoruz.<\/p>\n<\/div>\n<\/div><\/div>\n\n\n\n<div id=\"wp-block-themeisle-blocks-advanced-columns-4cb307d7\" class=\"wp-block-themeisle-blocks-advanced-columns alignfull has-2-columns has-desktop-equal-layout has-tablet-equal-layout has-mobile-collapsedRows-layout has-vertical-unset has-light-bg\"><div class=\"wp-block-themeisle-blocks-advanced-columns-overlay\"><\/div><div class=\"innerblocks-wrap\">\n<div id=\"wp-block-themeisle-blocks-advanced-column-4f9ea1d1\" class=\"wp-block-themeisle-blocks-advanced-column\">\n<div style=\"height:250px\" aria-hidden=\"true\" class=\"wp-block-spacer\"><\/div>\n<\/div>\n\n\n\n<div id=\"wp-block-themeisle-blocks-advanced-column-467e1349\" class=\"wp-block-themeisle-blocks-advanced-column has-light-bg\">\n<div id=\"wp-block-themeisle-blocks-font-awesome-icons-9399be2b\" class=\"wp-block-themeisle-blocks-font-awesome-icons\"><span class=\"wp-block-themeisle-blocks-font-awesome-icons-container\"><i class=\"far fa-building\"><\/i><\/span><\/div>\n\n\n\n<h2 id=\"wp-block-themeisle-blocks-advanced-heading-eedc98ba\" class=\"wp-block-themeisle-blocks-advanced-heading wp-block-themeisle-blocks-advanced-heading-eedc98ba\">\u015eANT\u0130YE EVLER\u0130<\/h2>\n\n\n\n<p class=\"has-text-align-left has-neve-text-color-color has-text-color\">Ba\u015fyap\u0131t Prefabrik olarak sundu\u011fumuz <strong>\u015fantiye evleri<\/strong>, in\u015faat ve \u00fcretim sahalar\u0131nda \u00e7al\u0131\u015fan personelin konforlu, g\u00fcvenli ve fonksiyonel bar\u0131nma ihtiyac\u0131n\u0131 kar\u015f\u0131lamak i\u00e7in \u00f6zel olarak tasarlanm\u0131\u015ft\u0131r. Projenizin s\u00fcresine, personel say\u0131s\u0131na ve alan\u0131n\u0131za g\u00f6re \u00f6zelle\u015ftirilebilen bu yap\u0131lar; h\u0131zl\u0131 kurulum, ta\u015f\u0131nabilirlik ve maliyet avantajlar\u0131yla \u00f6ne \u00e7\u0131kar. \u00d6zellikle prefabrik ev \u00e7\u00f6z\u00fcmleri \u015fantiye tesisleri i\u00e7in idealdir.<br><br><strong>Neden Ba\u015fyap\u0131t Prefabrik \u015eantiye Evleri?<\/strong><\/p>\n\n\n\n<p class=\"has-text-align-left has-neve-text-color-color has-text-color\" style=\"font-size:15px\">\u2705 H\u0131zl\u0131 teslimat<br>\u2705 Projelere \u00f6zel \u00e7izim ve i\u00e7 yerle\u015fim<br>\u2705 T\u00fcrkiye genelinde kurulum ve teknik destek<br>\u2705 Yemekhane, yatakhane, ofis, lavabo \u2013 hepsi tek \u00e7at\u0131 alt\u0131nda<\/p>\n\n\n\n<div id=\"wp-block-themeisle-blocks-button-group-f680caa2\" class=\"wp-block-themeisle-blocks-button-group wp-block-buttons align-center\">\n<div id=\"wp-block-themeisle-blocks-button-16615b30\" class=\"wp-block-themeisle-blocks-button wp-block-button\"><a href=\"https:\/\/api.whatsapp.com\/send?phone=%2B905459194430&amp;text=\" target=\"_blank\" rel=\"noopener noreferrer\" class=\"wp-block-button__link\"><span>B\u0130ZE ULA\u015eIN<\/span><\/a><\/div>\n<\/div>\n<\/div>\n<\/div><\/div>\n\n\n\n<div id=\"wp-block-themeisle-blocks-advanced-columns-385009c6\" class=\"wp-block-themeisle-blocks-advanced-columns alignfull has-2-columns has-desktop-equal-layout has-tablet-equal-layout has-mobile-collapsedRows-layout has-reverse-columns-mobile has-vertical-unset has-light-bg\"><div class=\"wp-block-themeisle-blocks-advanced-columns-overlay\"><\/div><div class=\"innerblocks-wrap\">\n<div id=\"wp-block-themeisle-blocks-advanced-column-8c567e6b\" class=\"wp-block-themeisle-blocks-advanced-column has-light-bg\">\n<div id=\"wp-block-themeisle-blocks-font-awesome-icons-d028276a\" class=\"wp-block-themeisle-blocks-font-awesome-icons\"><span class=\"wp-block-themeisle-blocks-font-awesome-icons-container\"><i class=\"fas fa-house-damage\"><\/i><\/span><\/div>\n\n\n\n<h2 id=\"wp-block-themeisle-blocks-advanced-heading-821e89be\" class=\"wp-block-themeisle-blocks-advanced-heading wp-block-themeisle-blocks-advanced-heading-821e89be\">EV \/ V\u0130LLA YAPIMI<\/h2>\n\n\n\n<p class=\"has-text-align-center\">Ba\u015fyap\u0131t Prefabrik olarak, modern mimariyle \u015fekillendirilmi\u015f, estetik ve dayan\u0131kl\u0131 prefabrik ev ve villa \u00e7\u00f6z\u00fcmleri sunuyoruz. Prefabrik ev ve villa \u00e7e\u015fitleri Antalya genelinde geleneksel yap\u0131lara g\u00f6re \u00e7ok daha k\u0131sa s\u00fcrede teslim edilir ve sa\u011flaml\u0131k, enerji verimlili\u011fi ve ki\u015fiselle\u015ftirilebilir tasar\u0131m\u0131yla \u00f6ne \u00e7\u0131kar. Prefabrik ev, Antalya&#8217;da h\u0131zla teslim edilir ve ya\u015fam kalitesini y\u00fckseltir.<\/p>\n\n\n\n<p><p><\/p><p><\/p><p><\/p><p style=\"font-size:14px\"><strong>\ud83d\udee0\ufe0f Hizmet \u0130\u00e7eri\u011fimiz<\/strong><br>\u2705Mimari Projelendirme &amp; 3D Tasar\u0131m<br>\u2705\u0130n\u015faat Ruhsat S\u00fcreci Dan\u0131\u015fmanl\u0131\u011f\u0131<br>\u2705Ta\u015f\u0131y\u0131c\u0131 Sistem: Galvanizli \u00e7elik \/ hafif \u00e7elik yap\u0131<br>\u2705D\u0131\u015f Cephe: Kompozit, ah\u015fap g\u00f6r\u00fcn\u00fcml\u00fc kaplama, \u0131s\u0131 yal\u0131t\u0131m\u0131<br>\u2705\u0130\u00e7 Mek\u00e2n: Laminat parke, seramik<br>\u2705Elektrik ve S\u0131hhi Tesisat Dahil Anahtar Teslim Teslimat<\/p><p><\/p><p><\/p><p><\/p><\/p>\n\n\n\n<div id=\"wp-block-themeisle-blocks-button-group-331b5f0a\" class=\"wp-block-themeisle-blocks-button-group wp-block-buttons align-center\">\n<div id=\"wp-block-themeisle-blocks-button-f03ab25c\" class=\"wp-block-themeisle-blocks-button wp-block-button\"><a href=\"https:\/\/api.whatsapp.com\/send?phone=%2B905459194430&amp;text=\" target=\"_blank\" rel=\"noopener noreferrer\" class=\"wp-block-button__link\"><span>B\u0130ZE ULA\u015eIN<\/span><\/a><\/div>\n<\/div>\n<\/div>\n\n\n\n<div id=\"wp-block-themeisle-blocks-advanced-column-a25ca12f\" class=\"wp-block-themeisle-blocks-advanced-column\">\n<div style=\"height:250px\" aria-hidden=\"true\" class=\"wp-block-spacer\"><\/div>\n<\/div>\n<\/div><\/div>\n\n\n\n<div id=\"wp-block-themeisle-blocks-advanced-columns-6cbb0867\" class=\"wp-block-themeisle-blocks-advanced-columns alignfull has-1-columns has-desktop-twoOne-layout has-tablet-equal-layout has-mobile-collapsedRows-layout has-vertical-unset has-light-bg\"><div class=\"wp-block-themeisle-blocks-advanced-columns-overlay\"><\/div><div class=\"innerblocks-wrap\">\n<div id=\"wp-block-themeisle-blocks-advanced-column-78c641ed\" class=\"wp-block-themeisle-blocks-advanced-column has-light-bg\">\n<h2 id=\"wp-block-themeisle-blocks-advanced-heading-8c6e4149\" class=\"wp-block-themeisle-blocks-advanced-heading wp-block-themeisle-blocks-advanced-heading-8c6e4149\">SIK\u00c7A SORULANLAR<\/h2>\n\n\n\n<div id=\"wp-block-themeisle-blocks-accordion-26dc5bab\" class=\"wp-block-themeisle-blocks-accordion exclusive  is-style-default\">\n<details class=\"wp-block-themeisle-blocks-accordion-item\"><summary class=\"wp-block-themeisle-blocks-accordion-item__title\"><div><strong>Prefabrik ev nedir?<\/strong><\/div><\/summary><div class=\"wp-block-themeisle-blocks-accordion-item__content\">\n<p>Prefabrik evler, fabrika ortam\u0131nda \u00fcretilip sahada monte edilen mod\u00fcler yap\u0131lard\u0131r. Prefabrik ev se\u00e7enekleri, ekonomik maliyeti ve dayan\u0131kl\u0131l\u0131\u011f\u0131 ile \u00f6ne \u00e7\u0131kan bu yap\u0131lar, Antalya&#8217;da prefabrik ev projelerimiz sayesinde b\u00fcy\u00fcyen bir talep yaratmaktad\u0131r.<\/p>\n<\/div><\/details>\n\n\n\n<details class=\"wp-block-themeisle-blocks-accordion-item\"><summary class=\"wp-block-themeisle-blocks-accordion-item__title\"><div><strong>Prefabrik yap\u0131lar depreme dayan\u0131kl\u0131 m\u0131?<\/strong><\/div><\/summary><div class=\"wp-block-themeisle-blocks-accordion-item__content\">\n<p>Evet. Hafif \u00e7elik sistemleri ve esnek yap\u0131s\u0131 sayesinde prefabrik evler depreme kar\u015f\u0131 olduk\u00e7a dayan\u0131kl\u0131d\u0131r. Statik hesaplamalar\u0131 m\u00fchendisler taraf\u0131ndan yap\u0131lmaktad\u0131r.<\/p>\n<\/div><\/details>\n\n\n\n<details class=\"wp-block-themeisle-blocks-accordion-item\"><summary class=\"wp-block-themeisle-blocks-accordion-item__title\"><div><strong>Prefabrik evler 4 mevsim kullan\u0131labilir mi?<\/strong><\/div><\/summary><div class=\"wp-block-themeisle-blocks-accordion-item__content\">\n<p>Evet. Antalya&#8217;da prefabrik evler yap\u0131lar\u0131m\u0131z, \u0131s\u0131 ve ses yal\u0131t\u0131m\u0131 y\u00fcksek malzemeler kullan\u0131larak \u00fcretilir ve yaz-k\u0131\u015f konforlu kullan\u0131m sunar. Antalya iklimine uygundur ve prefabrik ev yap\u0131s\u0131 bu b\u00f6lge i\u00e7in ideal se\u00e7eneklerdendir.<\/p>\n<\/div><\/details>\n<\/div>\n<\/div>\n<\/div><\/div>\n","protected":false},"excerpt":{"rendered":"","protected":false},"author":1,"featured_media":0,"parent":0,"menu_order":0,"comment_status":"closed","ping_status":"closed","template":"page-templates\/template-pagebuilder-full-width.php","meta":{"neve_meta_sidebar":"full-width","neve_meta_container":"","neve_meta_enable_content_width":"on","neve_meta_content_width":100,"neve_meta_title_alignment":"","neve_meta_author_avatar":"","neve_post_elements_order":"","neve_meta_disable_header":"","neve_meta_disable_footer":"","neve_meta_disable_title":"","_themeisle_gutenberg_block_has_review":false,"footnotes":""},"class_list":["post-322","page","type-page","status-publish","hentry"],"yoast_head":"<!-- This site is optimized with the Yoast SEO Premium plugin v24.5 (Yoast SEO v27.4) - https:\/\/yoast.com\/product\/yoast-seo-premium-wordpress\/ -->\n<title>Antalya Prefabrik Ev | Ba\u015fyap\u0131t Prefabrik<\/title>\n<meta name=\"description\" content=\"Antalya prefabrik ev \u00e7\u00f6z\u00fcmleri Ba\u015fyap\u0131t Prefabrik\u2019te! Uygun fiyatl\u0131, dayan\u0131kl\u0131 ve h\u0131zl\u0131 kurulan yap\u0131lar i\u00e7in hemen ileti\u015fime ge\u00e7in.\" \/>\n<meta name=\"robots\" content=\"index, follow, max-snippet:-1, max-image-preview:large, max-video-preview:-1\" \/>\n<link rel=\"canonical\" href=\"https:\/\/basyapitprefabrik.com.tr\/index.php\/antalya-prefabrik-ev\/\" \/>\n<meta property=\"og:locale\" content=\"tr_TR\" \/>\n<meta property=\"og:type\" content=\"article\" \/>\n<meta property=\"og:title\" content=\"H\u0130ZMETLER\u0130M\u0130Z\" \/>\n<meta property=\"og:description\" content=\"Antalya prefabrik ev \u00e7\u00f6z\u00fcmleri Ba\u015fyap\u0131t Prefabrik\u2019te! Uygun fiyatl\u0131, dayan\u0131kl\u0131 ve h\u0131zl\u0131 kurulan yap\u0131lar i\u00e7in hemen ileti\u015fime ge\u00e7in.\" \/>\n<meta property=\"og:url\" content=\"https:\/\/basyapitprefabrik.com.tr\/index.php\/antalya-prefabrik-ev\/\" \/>\n<meta property=\"og:site_name\" content=\"Ba\u015fyap\u0131t Prefabrik&amp;Konteyner\" \/>\n<meta property=\"article:publisher\" content=\"https:\/\/www.facebook.com\/profile.php?id=61560411951929\" \/>\n<meta property=\"article:modified_time\" content=\"2025-07-22T18:26:45+00:00\" \/>\n<meta name=\"twitter:card\" content=\"summary_large_image\" \/>\n<meta name=\"twitter:label1\" content=\"Tahmini okuma s\u00fcresi\" \/>\n\t<meta name=\"twitter:data1\" content=\"3 dakika\" \/>\n<script type=\"application\/ld+json\" class=\"yoast-schema-graph\">{\"@context\":\"https:\\\/\\\/schema.org\",\"@graph\":[{\"@type\":\"WebPage\",\"@id\":\"https:\\\/\\\/basyapitprefabrik.com.tr\\\/index.php\\\/antalya-prefabrik-ev\\\/\",\"url\":\"https:\\\/\\\/basyapitprefabrik.com.tr\\\/index.php\\\/antalya-prefabrik-ev\\\/\",\"name\":\"Antalya Prefabrik Ev | Ba\u015fyap\u0131t Prefabrik\",\"isPartOf\":{\"@id\":\"https:\\\/\\\/basyapitprefabrik.com.tr\\\/#website\"},\"datePublished\":\"2020-03-27T14:10:23+00:00\",\"dateModified\":\"2025-07-22T18:26:45+00:00\",\"description\":\"Antalya prefabrik ev \u00e7\u00f6z\u00fcmleri Ba\u015fyap\u0131t Prefabrik\u2019te! Uygun fiyatl\u0131, dayan\u0131kl\u0131 ve h\u0131zl\u0131 kurulan yap\u0131lar i\u00e7in hemen ileti\u015fime ge\u00e7in.\",\"breadcrumb\":{\"@id\":\"https:\\\/\\\/basyapitprefabrik.com.tr\\\/index.php\\\/antalya-prefabrik-ev\\\/#breadcrumb\"},\"inLanguage\":\"tr\",\"potentialAction\":[{\"@type\":\"ReadAction\",\"target\":[\"https:\\\/\\\/basyapitprefabrik.com.tr\\\/index.php\\\/antalya-prefabrik-ev\\\/\"]}]},{\"@type\":\"BreadcrumbList\",\"@id\":\"https:\\\/\\\/basyapitprefabrik.com.tr\\\/index.php\\\/antalya-prefabrik-ev\\\/#breadcrumb\",\"itemListElement\":[{\"@type\":\"ListItem\",\"position\":1,\"name\":\"Anasayfa\",\"item\":\"https:\\\/\\\/basyapitprefabrik.com.tr\\\/\"},{\"@type\":\"ListItem\",\"position\":2,\"name\":\"H\u0130ZMETLER\u0130M\u0130Z\"}]},{\"@type\":\"WebSite\",\"@id\":\"https:\\\/\\\/basyapitprefabrik.com.tr\\\/#website\",\"url\":\"https:\\\/\\\/basyapitprefabrik.com.tr\\\/\",\"name\":\"Ba\u015fyap\u0131t Prefabrik&Konteyner\",\"description\":\"\",\"publisher\":{\"@id\":\"https:\\\/\\\/basyapitprefabrik.com.tr\\\/#organization\"},\"potentialAction\":[{\"@type\":\"SearchAction\",\"target\":{\"@type\":\"EntryPoint\",\"urlTemplate\":\"https:\\\/\\\/basyapitprefabrik.com.tr\\\/?s={search_term_string}\"},\"query-input\":{\"@type\":\"PropertyValueSpecification\",\"valueRequired\":true,\"valueName\":\"search_term_string\"}}],\"inLanguage\":\"tr\"},{\"@type\":\"Organization\",\"@id\":\"https:\\\/\\\/basyapitprefabrik.com.tr\\\/#organization\",\"name\":\"Ba\u015fyap\u0131t Prefabrik&Konteyner\",\"url\":\"https:\\\/\\\/basyapitprefabrik.com.tr\\\/\",\"logo\":{\"@type\":\"ImageObject\",\"inLanguage\":\"tr\",\"@id\":\"https:\\\/\\\/basyapitprefabrik.com.tr\\\/#\\\/schema\\\/logo\\\/image\\\/\",\"url\":\"https:\\\/\\\/basyapitprefabrik.com.tr\\\/wp-content\\\/uploads\\\/2025\\\/07\\\/WhatsApp-Image-2025-07-18-at-16.39.20.jpeg\",\"contentUrl\":\"https:\\\/\\\/basyapitprefabrik.com.tr\\\/wp-content\\\/uploads\\\/2025\\\/07\\\/WhatsApp-Image-2025-07-18-at-16.39.20.jpeg\",\"width\":1440,\"height\":1049,\"caption\":\"Ba\u015fyap\u0131t Prefabrik&Konteyner\"},\"image\":{\"@id\":\"https:\\\/\\\/basyapitprefabrik.com.tr\\\/#\\\/schema\\\/logo\\\/image\\\/\"},\"sameAs\":[\"https:\\\/\\\/www.facebook.com\\\/profile.php?id=61560411951929\",\"https:\\\/\\\/www.instagram.com\\\/basyapit.prefabrik\\\/\"]}]}<\/script>\n<!-- \/ Yoast SEO Premium plugin. -->","yoast_head_json":{"title":"Antalya Prefabrik Ev | Ba\u015fyap\u0131t Prefabrik","description":"Antalya prefabrik ev \u00e7\u00f6z\u00fcmleri Ba\u015fyap\u0131t Prefabrik\u2019te! Uygun fiyatl\u0131, dayan\u0131kl\u0131 ve h\u0131zl\u0131 kurulan yap\u0131lar i\u00e7in hemen ileti\u015fime ge\u00e7in.","robots":{"index":"index","follow":"follow","max-snippet":"max-snippet:-1","max-image-preview":"max-image-preview:large","max-video-preview":"max-video-preview:-1"},"canonical":"https:\/\/basyapitprefabrik.com.tr\/index.php\/antalya-prefabrik-ev\/","og_locale":"tr_TR","og_type":"article","og_title":"H\u0130ZMETLER\u0130M\u0130Z","og_description":"Antalya prefabrik ev \u00e7\u00f6z\u00fcmleri Ba\u015fyap\u0131t Prefabrik\u2019te! Uygun fiyatl\u0131, dayan\u0131kl\u0131 ve h\u0131zl\u0131 kurulan yap\u0131lar i\u00e7in hemen ileti\u015fime ge\u00e7in.","og_url":"https:\/\/basyapitprefabrik.com.tr\/index.php\/antalya-prefabrik-ev\/","og_site_name":"Ba\u015fyap\u0131t Prefabrik&amp;Konteyner","article_publisher":"https:\/\/www.facebook.com\/profile.php?id=61560411951929","article_modified_time":"2025-07-22T18:26:45+00:00","twitter_card":"summary_large_image","twitter_misc":{"Tahmini okuma s\u00fcresi":"3 dakika"},"schema":{"@context":"https:\/\/schema.org","@graph":[{"@type":"WebPage","@id":"https:\/\/basyapitprefabrik.com.tr\/index.php\/antalya-prefabrik-ev\/","url":"https:\/\/basyapitprefabrik.com.tr\/index.php\/antalya-prefabrik-ev\/","name":"Antalya Prefabrik Ev | Ba\u015fyap\u0131t Prefabrik","isPartOf":{"@id":"https:\/\/basyapitprefabrik.com.tr\/#website"},"datePublished":"2020-03-27T14:10:23+00:00","dateModified":"2025-07-22T18:26:45+00:00","description":"Antalya prefabrik ev \u00e7\u00f6z\u00fcmleri Ba\u015fyap\u0131t Prefabrik\u2019te! Uygun fiyatl\u0131, dayan\u0131kl\u0131 ve h\u0131zl\u0131 kurulan yap\u0131lar i\u00e7in hemen ileti\u015fime ge\u00e7in.","breadcrumb":{"@id":"https:\/\/basyapitprefabrik.com.tr\/index.php\/antalya-prefabrik-ev\/#breadcrumb"},"inLanguage":"tr","potentialAction":[{"@type":"ReadAction","target":["https:\/\/basyapitprefabrik.com.tr\/index.php\/antalya-prefabrik-ev\/"]}]},{"@type":"BreadcrumbList","@id":"https:\/\/basyapitprefabrik.com.tr\/index.php\/antalya-prefabrik-ev\/#breadcrumb","itemListElement":[{"@type":"ListItem","position":1,"name":"Anasayfa","item":"https:\/\/basyapitprefabrik.com.tr\/"},{"@type":"ListItem","position":2,"name":"H\u0130ZMETLER\u0130M\u0130Z"}]},{"@type":"WebSite","@id":"https:\/\/basyapitprefabrik.com.tr\/#website","url":"https:\/\/basyapitprefabrik.com.tr\/","name":"Ba\u015fyap\u0131t Prefabrik&Konteyner","description":"","publisher":{"@id":"https:\/\/basyapitprefabrik.com.tr\/#organization"},"potentialAction":[{"@type":"SearchAction","target":{"@type":"EntryPoint","urlTemplate":"https:\/\/basyapitprefabrik.com.tr\/?s={search_term_string}"},"query-input":{"@type":"PropertyValueSpecification","valueRequired":true,"valueName":"search_term_string"}}],"inLanguage":"tr"},{"@type":"Organization","@id":"https:\/\/basyapitprefabrik.com.tr\/#organization","name":"Ba\u015fyap\u0131t Prefabrik&Konteyner","url":"https:\/\/basyapitprefabrik.com.tr\/","logo":{"@type":"ImageObject","inLanguage":"tr","@id":"https:\/\/basyapitprefabrik.com.tr\/#\/schema\/logo\/image\/","url":"https:\/\/basyapitprefabrik.com.tr\/wp-content\/uploads\/2025\/07\/WhatsApp-Image-2025-07-18-at-16.39.20.jpeg","contentUrl":"https:\/\/basyapitprefabrik.com.tr\/wp-content\/uploads\/2025\/07\/WhatsApp-Image-2025-07-18-at-16.39.20.jpeg","width":1440,"height":1049,"caption":"Ba\u015fyap\u0131t Prefabrik&Konteyner"},"image":{"@id":"https:\/\/basyapitprefabrik.com.tr\/#\/schema\/logo\/image\/"},"sameAs":["https:\/\/www.facebook.com\/profile.php?id=61560411951929","https:\/\/www.instagram.com\/basyapit.prefabrik\/"]}]}},"_links":{"self":[{"href":"https:\/\/basyapitprefabrik.com.tr\/index.php\/wp-json\/wp\/v2\/pages\/322","targetHints":{"allow":["GET"]}}],"collection":[{"href":"https:\/\/basyapitprefabrik.com.tr\/index.php\/wp-json\/wp\/v2\/pages"}],"about":[{"href":"https:\/\/basyapitprefabrik.com.tr\/index.php\/wp-json\/wp\/v2\/types\/page"}],"author":[{"embeddable":true,"href":"https:\/\/basyapitprefabrik.com.tr\/index.php\/wp-json\/wp\/v2\/users\/1"}],"replies":[{"embeddable":true,"href":"https:\/\/basyapitprefabrik.com.tr\/index.php\/wp-json\/wp\/v2\/comments?post=322"}],"version-history":[{"count":14,"href":"https:\/\/basyapitprefabrik.com.tr\/index.php\/wp-json\/wp\/v2\/pages\/322\/revisions"}],"predecessor-version":[{"id":625,"href":"https:\/\/basyapitprefabrik.com.tr\/index.php\/wp-json\/wp\/v2\/pages\/322\/revisions\/625"}],"wp:attachment":[{"href":"https:\/\/basyapitprefabrik.com.tr\/index.php\/wp-json\/wp\/v2\/media?parent=322"}],"curies":[{"name":"wp","href":"https:\/\/api.w.org\/{rel}","templated":true}]}}