{"id":319,"date":"2020-03-27T13:41:05","date_gmt":"2020-03-27T13:41:05","guid":{"rendered":"https:\/\/demosites.io\/energy-panels-gb\/?page_id=319"},"modified":"2025-07-21T14:48:04","modified_gmt":"2025-07-21T14:48:04","slug":"0dc9b-about-us","status":"publish","type":"page","link":"https:\/\/basyapitprefabrik.com.tr\/index.php\/0dc9b-about-us\/","title":{"rendered":"HAKKIMIZDA"},"content":{"rendered":"\n<div id=\"wp-block-themeisle-blocks-advanced-columns-f0bf6fda\" class=\"wp-block-themeisle-blocks-advanced-columns alignfull has-1-columns has-desktop-equal-layout has-tablet-equal-layout has-mobile-equal-layout has-vertical-unset\"><div class=\"wp-block-themeisle-blocks-advanced-columns-overlay\"><\/div><div class=\"innerblocks-wrap\">\n<div id=\"wp-block-themeisle-blocks-advanced-column-d86c0863\" class=\"wp-block-themeisle-blocks-advanced-column\"><\/div>\n<\/div><\/div>\n\n\n\n<div id=\"wp-block-themeisle-blocks-advanced-columns-9a38cbaa\" class=\"wp-block-themeisle-blocks-advanced-columns alignfull has-2-columns has-desktop-equal-layout has-tablet-twoOne-layout has-mobile-collapsedRows-layout has-vertical-unset ticss-af0b49bf has-light-bg\"><div class=\"wp-block-themeisle-blocks-advanced-columns-overlay\"><\/div><div class=\"innerblocks-wrap\">\n<div id=\"wp-block-themeisle-blocks-advanced-column-ea20ba02\" class=\"wp-block-themeisle-blocks-advanced-column has-light-bg\">\n<h1 id=\"wp-block-themeisle-blocks-advanced-heading-d67790d0\" class=\"wp-block-themeisle-blocks-advanced-heading wp-block-themeisle-blocks-advanced-heading-d67790d0\">HAKKIMIZDA<\/h1>\n\n\n\n<p class=\"has-neve-text-color-color has-text-color\" style=\"font-size:19px\"><strong>Ba\u015fyap\u0131t Prefabrik<\/strong>, Antalya merkezli bir firma olarak; prefabrik ev, \u00e7elik konstr\u00fcksiyon yap\u0131lar, depo binalar\u0131, i\u015f yeri \u00e7\u00f6z\u00fcmleri, \u00e7im\u00e7it ve ferforje \u00e7it sistemleri alan\u0131nda yenilik\u00e7i ve g\u00fcvenilir projeler \u00fcretmektedir.M\u00fc\u015fterilerimize modern, dayan\u0131kl\u0131 ve ekonomik yap\u0131lar sunmay\u0131 hedefliyor; her projede kaliteyi, esteti\u011fi ve s\u00fcrd\u00fcr\u00fclebilirli\u011fi \u00f6n planda tutuyoruz. Antalya&#8217;n\u0131n iklim ko\u015fullar\u0131na uygun olarak tasarlad\u0131\u011f\u0131m\u0131z prefabrik ve \u00e7elik yap\u0131lar, hem bireysel hem kurumsal ihtiya\u00e7lara \u00f6zel olarak \u00fcretilmektedir.<\/p>\n<\/div>\n\n\n\n<div id=\"wp-block-themeisle-blocks-advanced-column-c28105de\" class=\"wp-block-themeisle-blocks-advanced-column\"><\/div>\n<\/div><\/div>\n\n\n\n<div id=\"wp-block-themeisle-blocks-advanced-columns-849ddfc1\" class=\"wp-block-themeisle-blocks-advanced-columns alignfull has-2-columns has-desktop-oneTwo-layout has-tablet-oneTwo-layout has-mobile-collapsedRows-layout has-vertical-unset\"><div class=\"wp-block-themeisle-blocks-advanced-columns-overlay\"><\/div><div class=\"innerblocks-wrap\">\n<div id=\"wp-block-themeisle-blocks-advanced-column-169e5640\" class=\"wp-block-themeisle-blocks-advanced-column\">\n<h2 id=\"wp-block-themeisle-blocks-advanced-heading-7a662a6f\" class=\"wp-block-themeisle-blocks-advanced-heading wp-block-themeisle-blocks-advanced-heading-7a662a6f\"><br>V\u0130ZYONUMUZ<br>&amp;<br>M\u0130SYONUMUZ<\/h2>\n<\/div>\n\n\n\n<div id=\"wp-block-themeisle-blocks-advanced-column-1ed7e0a8\" class=\"wp-block-themeisle-blocks-advanced-column\">\n<p class=\"has-nv-site-bg-color has-text-color has-link-color wp-elements-e93c882ee975c982f1ff67f0a10acc1f\"><strong>Vizyonumuz<\/strong> , yap\u0131 sekt\u00f6r\u00fcnde g\u00fcven, kalite ve s\u00fcrd\u00fcr\u00fclebilirli\u011fi temsil eden \u00f6nc\u00fc bir marka olmak. Ba\u015fyap\u0131t Prefabrik olarak vizyonumuz; prefabrik ve \u00e7elik yap\u0131larda estetikle m\u00fchendisli\u011fi birle\u015ftiren, \u00e7evre dostu ve uzun \u00f6m\u00fcrl\u00fc \u00e7\u00f6z\u00fcmlerle T\u00fcrkiye\u2019nin her b\u00f6lgesinde tercih edilen bir yap\u0131 markas\u0131 haline gelmektir.<\/p>\n\n\n\n<p class=\"has-nv-site-bg-color has-text-color has-link-color wp-elements-432368c44cb718d636ed2756ee2ddfc2\"><strong>Misyonumuz<\/strong>, m\u00fc\u015fteri memnuniyetini esas alarak; modern, g\u00fcvenli ve ekonomik yap\u0131lar \u00fcretmek. Prefabrik evlerden \u00e7elik konstr\u00fcksiyonlara, depo binalar\u0131ndan \u00e7it sistemlerine kadar sundu\u011fumuz her hizmette kaliteyi, dayan\u0131kl\u0131l\u0131\u011f\u0131 ve i\u015flevselli\u011fi \u00f6n planda tutmak.<\/p>\n<\/div>\n<\/div><\/div>\n\n\n\n<div id=\"wp-block-themeisle-blocks-advanced-columns-cb38d5e3\" class=\"wp-block-themeisle-blocks-advanced-columns alignfull has-2-columns has-desktop-equal-layout has-tablet-equal-layout has-mobile-collapsedRows-layout has-vertical-unset\"><div class=\"wp-block-themeisle-blocks-advanced-columns-overlay\"><\/div><div class=\"innerblocks-wrap\">\n<div id=\"wp-block-themeisle-blocks-advanced-column-6a5714bf\" class=\"wp-block-themeisle-blocks-advanced-column\">\n<div style=\"height:250px\" aria-hidden=\"true\" class=\"wp-block-spacer\"><\/div>\n<\/div>\n\n\n\n<div id=\"wp-block-themeisle-blocks-advanced-column-bb85434e\" class=\"wp-block-themeisle-blocks-advanced-column\">\n<h2 id=\"wp-block-themeisle-blocks-advanced-heading-ac75fa25\" class=\"wp-block-themeisle-blocks-advanced-heading wp-block-themeisle-blocks-advanced-heading-ac75fa25\">Ba\u015fyap\u0131t Prefabrik Kimdir ?<\/h2>\n\n\n\n<p class=\"has-nv-dark-bg-color has-text-color has-link-color wp-elements-012f4d9a8cbcdee219a64d1f24631c45\"><strong>Ba\u015fyap\u0131t Prefabrik<\/strong>, Antalya merkezli bir yap\u0131 firmas\u0131 olarak; prefabrik ev, a\u011f\u0131r \u00e7elik konstr\u00fcksiyon, depo ve i\u015f yeri yap\u0131lar\u0131, ferforje \u00e7it ve \u00e7im\u00e7it sistemleri alan\u0131nda uzmanla\u015fm\u0131\u015f, yenilik\u00e7i ve g\u00fcvenilir bir markad\u0131r.<\/p>\n\n\n\n<p class=\"has-nv-dark-bg-color has-text-color has-link-color wp-elements-22af2d2219d282447576da7d20cc8fae\">Her projeyi bir \u201cba\u015fyap\u0131t\u201d anlay\u0131\u015f\u0131yla ele alan firmam\u0131z, modern teknolojiyi m\u00fchendislik g\u00fcc\u00fcyle birle\u015ftirerek; dayan\u0131kl\u0131, ekonomik ve estetik yap\u0131lar \u00fcretmektedir.<br>Bireysel ya\u015fam alanlar\u0131ndan kurumsal yap\u0131lara kadar her ihtiyaca \u00f6zel \u00e7\u00f6z\u00fcmler sunar.<\/p>\n\n\n\n<p class=\"has-nv-dark-bg-color has-text-color has-link-color wp-elements-2b2bb537ecf7640d1f97b7fcce398d44\">Antalya\u2019dan t\u00fcm T\u00fcrkiye\u2019ye hizmet veren Ba\u015fyap\u0131t Prefabrik; kalite, zaman\u0131nda teslimat ve m\u00fc\u015fteri memnuniyeti ilkeleriyle yap\u0131 sekt\u00f6r\u00fcnde fark yaratmaya devam etmektedir.<\/p>\n\n\n\n<div id=\"wp-block-themeisle-blocks-button-group-8f514222\" class=\"wp-block-themeisle-blocks-button-group wp-block-buttons\">\n<div id=\"wp-block-themeisle-blocks-button-4befebf8\" class=\"wp-block-themeisle-blocks-button wp-block-button\"><a href=\"https:\/\/api.whatsapp.com\/send?phone=%2B905459194430&amp;text=\" target=\"_self\" rel=\"noopener noreferrer\" class=\"wp-block-button__link\"><span>B\u0130ZE ULA\u015eIN<\/span><\/a><\/div>\n<\/div>\n<\/div>\n<\/div><\/div>\n\n\n\n<div id=\"wp-block-themeisle-blocks-advanced-columns-8645e912\" class=\"wp-block-themeisle-blocks-advanced-columns alignfull has-3-columns has-desktop-equal-layout has-tablet-equal-layout has-mobile-collapsedRows-layout has-vertical-unset has-light-bg\"><div class=\"wp-block-themeisle-blocks-advanced-columns-overlay\"><\/div><div class=\"innerblocks-wrap\">\n<div id=\"wp-block-themeisle-blocks-advanced-column-6d3338c1\" class=\"wp-block-themeisle-blocks-advanced-column\">\n<h6 id=\"wp-block-themeisle-blocks-advanced-heading-11d5c388\" class=\"wp-block-themeisle-blocks-advanced-heading wp-block-themeisle-blocks-advanced-heading-11d5c388\">13%  <\/h6>\n\n\n\n<h6 id=\"wp-block-themeisle-blocks-advanced-heading-dc77fc7c\" class=\"wp-block-themeisle-blocks-advanced-heading wp-block-themeisle-blocks-advanced-heading-dc77fc7c\">Daha D\u00fc\u015f\u00fck Maliyet<\/h6>\n<\/div>\n\n\n\n<div id=\"wp-block-themeisle-blocks-advanced-column-7232329f\" class=\"wp-block-themeisle-blocks-advanced-column\">\n<h6 id=\"wp-block-themeisle-blocks-advanced-heading-d17abee8\" class=\"wp-block-themeisle-blocks-advanced-heading wp-block-themeisle-blocks-advanced-heading-d17abee8\">+33%   <\/h6>\n\n\n\n<h6 id=\"wp-block-themeisle-blocks-advanced-heading-80bb4a33\" class=\"wp-block-themeisle-blocks-advanced-heading wp-block-themeisle-blocks-advanced-heading-80bb4a33\"><strong>Daha Fazla Verimlilik<\/strong><\/h6>\n<\/div>\n\n\n\n<div id=\"wp-block-themeisle-blocks-advanced-column-b20fb477\" class=\"wp-block-themeisle-blocks-advanced-column\">\n<h6 id=\"wp-block-themeisle-blocks-advanced-heading-3e25307b\" class=\"wp-block-themeisle-blocks-advanced-heading wp-block-themeisle-blocks-advanced-heading-3e25307b\">50% <\/h6>\n\n\n\n<h6 id=\"wp-block-themeisle-blocks-advanced-heading-f992dc1f\" class=\"wp-block-themeisle-blocks-advanced-heading wp-block-themeisle-blocks-advanced-heading-f992dc1f\"><strong>Daha Az Enerji T\u00fcketimi<\/strong><\/h6>\n<\/div>\n<\/div><\/div>\n","protected":false},"excerpt":{"rendered":"","protected":false},"author":1,"featured_media":0,"parent":0,"menu_order":0,"comment_status":"closed","ping_status":"closed","template":"page-templates\/template-pagebuilder-full-width.php","meta":{"neve_meta_sidebar":"full-width","neve_meta_container":"","neve_meta_enable_content_width":"on","neve_meta_content_width":100,"neve_meta_title_alignment":"","neve_meta_author_avatar":"","neve_post_elements_order":"","neve_meta_disable_header":"","neve_meta_disable_footer":"","neve_meta_disable_title":"","_themeisle_gutenberg_block_has_review":false,"footnotes":""},"class_list":["post-319","page","type-page","status-publish","hentry"],"yoast_head":"<!-- This site is optimized with the Yoast SEO Premium plugin v24.5 (Yoast SEO v27.4) - https:\/\/yoast.com\/product\/yoast-seo-premium-wordpress\/ -->\n<title>HAKKIMIZDA - Ba\u015fyap\u0131t Prefabrik&amp;Konteyner<\/title>\n<meta name=\"robots\" content=\"index, follow, max-snippet:-1, max-image-preview:large, max-video-preview:-1\" \/>\n<link rel=\"canonical\" href=\"https:\/\/basyapitprefabrik.com.tr\/index.php\/0dc9b-about-us\/\" \/>\n<meta property=\"og:locale\" content=\"tr_TR\" \/>\n<meta property=\"og:type\" content=\"article\" \/>\n<meta property=\"og:title\" content=\"HAKKIMIZDA\" \/>\n<meta property=\"og:url\" content=\"https:\/\/basyapitprefabrik.com.tr\/index.php\/0dc9b-about-us\/\" \/>\n<meta property=\"og:site_name\" content=\"Ba\u015fyap\u0131t Prefabrik&amp;Konteyner\" \/>\n<meta property=\"article:publisher\" content=\"https:\/\/www.facebook.com\/profile.php?id=61560411951929\" \/>\n<meta property=\"article:modified_time\" content=\"2025-07-21T14:48:04+00:00\" \/>\n<meta name=\"twitter:card\" content=\"summary_large_image\" \/>\n<meta name=\"twitter:label1\" content=\"Tahmini okuma s\u00fcresi\" \/>\n\t<meta name=\"twitter:data1\" content=\"2 dakika\" \/>\n<script type=\"application\/ld+json\" class=\"yoast-schema-graph\">{\"@context\":\"https:\\\/\\\/schema.org\",\"@graph\":[{\"@type\":\"WebPage\",\"@id\":\"https:\\\/\\\/basyapitprefabrik.com.tr\\\/index.php\\\/0dc9b-about-us\\\/\",\"url\":\"https:\\\/\\\/basyapitprefabrik.com.tr\\\/index.php\\\/0dc9b-about-us\\\/\",\"name\":\"HAKKIMIZDA - Ba\u015fyap\u0131t Prefabrik&amp;Konteyner\",\"isPartOf\":{\"@id\":\"https:\\\/\\\/basyapitprefabrik.com.tr\\\/#website\"},\"datePublished\":\"2020-03-27T13:41:05+00:00\",\"dateModified\":\"2025-07-21T14:48:04+00:00\",\"breadcrumb\":{\"@id\":\"https:\\\/\\\/basyapitprefabrik.com.tr\\\/index.php\\\/0dc9b-about-us\\\/#breadcrumb\"},\"inLanguage\":\"tr\",\"potentialAction\":[{\"@type\":\"ReadAction\",\"target\":[\"https:\\\/\\\/basyapitprefabrik.com.tr\\\/index.php\\\/0dc9b-about-us\\\/\"]}]},{\"@type\":\"BreadcrumbList\",\"@id\":\"https:\\\/\\\/basyapitprefabrik.com.tr\\\/index.php\\\/0dc9b-about-us\\\/#breadcrumb\",\"itemListElement\":[{\"@type\":\"ListItem\",\"position\":1,\"name\":\"Anasayfa\",\"item\":\"https:\\\/\\\/basyapitprefabrik.com.tr\\\/\"},{\"@type\":\"ListItem\",\"position\":2,\"name\":\"HAKKIMIZDA\"}]},{\"@type\":\"WebSite\",\"@id\":\"https:\\\/\\\/basyapitprefabrik.com.tr\\\/#website\",\"url\":\"https:\\\/\\\/basyapitprefabrik.com.tr\\\/\",\"name\":\"Ba\u015fyap\u0131t Prefabrik&Konteyner\",\"description\":\"\",\"publisher\":{\"@id\":\"https:\\\/\\\/basyapitprefabrik.com.tr\\\/#organization\"},\"potentialAction\":[{\"@type\":\"SearchAction\",\"target\":{\"@type\":\"EntryPoint\",\"urlTemplate\":\"https:\\\/\\\/basyapitprefabrik.com.tr\\\/?s={search_term_string}\"},\"query-input\":{\"@type\":\"PropertyValueSpecification\",\"valueRequired\":true,\"valueName\":\"search_term_string\"}}],\"inLanguage\":\"tr\"},{\"@type\":\"Organization\",\"@id\":\"https:\\\/\\\/basyapitprefabrik.com.tr\\\/#organization\",\"name\":\"Ba\u015fyap\u0131t Prefabrik&Konteyner\",\"url\":\"https:\\\/\\\/basyapitprefabrik.com.tr\\\/\",\"logo\":{\"@type\":\"ImageObject\",\"inLanguage\":\"tr\",\"@id\":\"https:\\\/\\\/basyapitprefabrik.com.tr\\\/#\\\/schema\\\/logo\\\/image\\\/\",\"url\":\"https:\\\/\\\/basyapitprefabrik.com.tr\\\/wp-content\\\/uploads\\\/2025\\\/07\\\/WhatsApp-Image-2025-07-18-at-16.39.20.jpeg\",\"contentUrl\":\"https:\\\/\\\/basyapitprefabrik.com.tr\\\/wp-content\\\/uploads\\\/2025\\\/07\\\/WhatsApp-Image-2025-07-18-at-16.39.20.jpeg\",\"width\":1440,\"height\":1049,\"caption\":\"Ba\u015fyap\u0131t Prefabrik&Konteyner\"},\"image\":{\"@id\":\"https:\\\/\\\/basyapitprefabrik.com.tr\\\/#\\\/schema\\\/logo\\\/image\\\/\"},\"sameAs\":[\"https:\\\/\\\/www.facebook.com\\\/profile.php?id=61560411951929\",\"https:\\\/\\\/www.instagram.com\\\/basyapit.prefabrik\\\/\"]}]}<\/script>\n<!-- \/ Yoast SEO Premium plugin. -->","yoast_head_json":{"title":"HAKKIMIZDA - Ba\u015fyap\u0131t Prefabrik&amp;Konteyner","robots":{"index":"index","follow":"follow","max-snippet":"max-snippet:-1","max-image-preview":"max-image-preview:large","max-video-preview":"max-video-preview:-1"},"canonical":"https:\/\/basyapitprefabrik.com.tr\/index.php\/0dc9b-about-us\/","og_locale":"tr_TR","og_type":"article","og_title":"HAKKIMIZDA","og_url":"https:\/\/basyapitprefabrik.com.tr\/index.php\/0dc9b-about-us\/","og_site_name":"Ba\u015fyap\u0131t Prefabrik&amp;Konteyner","article_publisher":"https:\/\/www.facebook.com\/profile.php?id=61560411951929","article_modified_time":"2025-07-21T14:48:04+00:00","twitter_card":"summary_large_image","twitter_misc":{"Tahmini okuma s\u00fcresi":"2 dakika"},"schema":{"@context":"https:\/\/schema.org","@graph":[{"@type":"WebPage","@id":"https:\/\/basyapitprefabrik.com.tr\/index.php\/0dc9b-about-us\/","url":"https:\/\/basyapitprefabrik.com.tr\/index.php\/0dc9b-about-us\/","name":"HAKKIMIZDA - Ba\u015fyap\u0131t Prefabrik&amp;Konteyner","isPartOf":{"@id":"https:\/\/basyapitprefabrik.com.tr\/#website"},"datePublished":"2020-03-27T13:41:05+00:00","dateModified":"2025-07-21T14:48:04+00:00","breadcrumb":{"@id":"https:\/\/basyapitprefabrik.com.tr\/index.php\/0dc9b-about-us\/#breadcrumb"},"inLanguage":"tr","potentialAction":[{"@type":"ReadAction","target":["https:\/\/basyapitprefabrik.com.tr\/index.php\/0dc9b-about-us\/"]}]},{"@type":"BreadcrumbList","@id":"https:\/\/basyapitprefabrik.com.tr\/index.php\/0dc9b-about-us\/#breadcrumb","itemListElement":[{"@type":"ListItem","position":1,"name":"Anasayfa","item":"https:\/\/basyapitprefabrik.com.tr\/"},{"@type":"ListItem","position":2,"name":"HAKKIMIZDA"}]},{"@type":"WebSite","@id":"https:\/\/basyapitprefabrik.com.tr\/#website","url":"https:\/\/basyapitprefabrik.com.tr\/","name":"Ba\u015fyap\u0131t Prefabrik&Konteyner","description":"","publisher":{"@id":"https:\/\/basyapitprefabrik.com.tr\/#organization"},"potentialAction":[{"@type":"SearchAction","target":{"@type":"EntryPoint","urlTemplate":"https:\/\/basyapitprefabrik.com.tr\/?s={search_term_string}"},"query-input":{"@type":"PropertyValueSpecification","valueRequired":true,"valueName":"search_term_string"}}],"inLanguage":"tr"},{"@type":"Organization","@id":"https:\/\/basyapitprefabrik.com.tr\/#organization","name":"Ba\u015fyap\u0131t Prefabrik&Konteyner","url":"https:\/\/basyapitprefabrik.com.tr\/","logo":{"@type":"ImageObject","inLanguage":"tr","@id":"https:\/\/basyapitprefabrik.com.tr\/#\/schema\/logo\/image\/","url":"https:\/\/basyapitprefabrik.com.tr\/wp-content\/uploads\/2025\/07\/WhatsApp-Image-2025-07-18-at-16.39.20.jpeg","contentUrl":"https:\/\/basyapitprefabrik.com.tr\/wp-content\/uploads\/2025\/07\/WhatsApp-Image-2025-07-18-at-16.39.20.jpeg","width":1440,"height":1049,"caption":"Ba\u015fyap\u0131t Prefabrik&Konteyner"},"image":{"@id":"https:\/\/basyapitprefabrik.com.tr\/#\/schema\/logo\/image\/"},"sameAs":["https:\/\/www.facebook.com\/profile.php?id=61560411951929","https:\/\/www.instagram.com\/basyapit.prefabrik\/"]}]}},"_links":{"self":[{"href":"https:\/\/basyapitprefabrik.com.tr\/index.php\/wp-json\/wp\/v2\/pages\/319","targetHints":{"allow":["GET"]}}],"collection":[{"href":"https:\/\/basyapitprefabrik.com.tr\/index.php\/wp-json\/wp\/v2\/pages"}],"about":[{"href":"https:\/\/basyapitprefabrik.com.tr\/index.php\/wp-json\/wp\/v2\/types\/page"}],"author":[{"embeddable":true,"href":"https:\/\/basyapitprefabrik.com.tr\/index.php\/wp-json\/wp\/v2\/users\/1"}],"replies":[{"embeddable":true,"href":"https:\/\/basyapitprefabrik.com.tr\/index.php\/wp-json\/wp\/v2\/comments?post=319"}],"version-history":[{"count":4,"href":"https:\/\/basyapitprefabrik.com.tr\/index.php\/wp-json\/wp\/v2\/pages\/319\/revisions"}],"predecessor-version":[{"id":586,"href":"https:\/\/basyapitprefabrik.com.tr\/index.php\/wp-json\/wp\/v2\/pages\/319\/revisions\/586"}],"wp:attachment":[{"href":"https:\/\/basyapitprefabrik.com.tr\/index.php\/wp-json\/wp\/v2\/media?parent=319"}],"curies":[{"name":"wp","href":"https:\/\/api.w.org\/{rel}","templated":true}]}}